{"id":10751,"date":"2024-12-19T11:40:00","date_gmt":"2024-12-19T10:40:00","guid":{"rendered":"https:\/\/basbarcelona.com\/?post_type=product&#038;p=10751"},"modified":"2025-12-29T15:01:32","modified_gmt":"2025-12-29T14:01:32","slug":"tarjeta-regalo-curso-de-torno","status":"publish","type":"product","link":"https:\/\/basbarcelona.com\/es\/product\/tarjeta-regalo-curso-de-torno\/","title":{"rendered":"Tarjeta Regalo Curso de Torno"},"content":{"rendered":"\t\t<div data-elementor-type=\"product-post\" data-elementor-id=\"10751\" class=\"elementor elementor-10751\" data-elementor-post-type=\"product\">\n\t\t\t\t<div class=\"elementor-element elementor-element-e57bc9e e-flex e-con-boxed e-con e-parent\" data-id=\"e57bc9e\" data-element_type=\"container\" data-e-type=\"container\">\n\t\t\t\t\t<div class=\"e-con-inner\">\n\t\t<div class=\"elementor-element elementor-element-e521a74 e-con-full e-flex e-con e-child\" data-id=\"e521a74\" data-element_type=\"container\" data-e-type=\"container\">\n\t\t\t\t<div class=\"elementor-element elementor-element-f87d8d5 elementor-widget elementor-widget-woocommerce-product-images\" data-id=\"f87d8d5\" data-element_type=\"widget\" data-e-type=\"widget\" data-widget_type=\"woocommerce-product-images.default\">\n\t\t\t\t\t<div class=\"woocommerce-product-gallery woocommerce-product-gallery--with-images woocommerce-product-gallery--columns-4 images\" data-columns=\"4\" style=\"opacity: 0; transition: opacity .25s ease-in-out;\">\n\t<div class=\"woocommerce-product-gallery__wrapper\">\n\t\t<div data-thumb=\"https:\/\/basbarcelona.com\/wp-content\/uploads\/2024\/12\/Regala-un-curso-de-torno-100x100.jpg\" data-thumb-alt=\"Tarjeta Regalo Curso de Torno\" data-thumb-srcset=\"https:\/\/basbarcelona.com\/wp-content\/uploads\/2024\/12\/Regala-un-curso-de-torno-100x100.jpg 100w, https:\/\/basbarcelona.com\/wp-content\/uploads\/2024\/12\/Regala-un-curso-de-torno-300x300.jpg 300w, https:\/\/basbarcelona.com\/wp-content\/uploads\/2024\/12\/Regala-un-curso-de-torno-1024x1024.jpg 1024w, https:\/\/basbarcelona.com\/wp-content\/uploads\/2024\/12\/Regala-un-curso-de-torno-150x150.jpg 150w, https:\/\/basbarcelona.com\/wp-content\/uploads\/2024\/12\/Regala-un-curso-de-torno-768x768.jpg 768w, https:\/\/basbarcelona.com\/wp-content\/uploads\/2024\/12\/Regala-un-curso-de-torno-12x12.jpg 12w, https:\/\/basbarcelona.com\/wp-content\/uploads\/2024\/12\/Regala-un-curso-de-torno-500x500.jpg 500w, https:\/\/basbarcelona.com\/wp-content\/uploads\/2024\/12\/Regala-un-curso-de-torno-600x600.jpg 600w, https:\/\/basbarcelona.com\/wp-content\/uploads\/2024\/12\/Regala-un-curso-de-torno.jpg 1080w\"  data-thumb-sizes=\"(max-width: 100px) 100vw, 100px\" class=\"woocommerce-product-gallery__image\"><a href=\"https:\/\/basbarcelona.com\/wp-content\/uploads\/2024\/12\/Regala-un-curso-de-torno.jpg\"><img fetchpriority=\"high\" decoding=\"async\" width=\"600\" height=\"600\" src=\"https:\/\/basbarcelona.com\/wp-content\/uploads\/2024\/12\/Regala-un-curso-de-torno-600x600.jpg\" class=\"wp-post-image\" alt=\"Tarjeta Regalo Curso de Torno\" data-caption=\"\" data-src=\"https:\/\/basbarcelona.com\/wp-content\/uploads\/2024\/12\/Regala-un-curso-de-torno.jpg\" data-large_image=\"https:\/\/basbarcelona.com\/wp-content\/uploads\/2024\/12\/Regala-un-curso-de-torno.jpg\" data-large_image_width=\"1080\" data-large_image_height=\"1080\" srcset=\"https:\/\/basbarcelona.com\/wp-content\/uploads\/2024\/12\/Regala-un-curso-de-torno-600x600.jpg 600w, https:\/\/basbarcelona.com\/wp-content\/uploads\/2024\/12\/Regala-un-curso-de-torno-300x300.jpg 300w, https:\/\/basbarcelona.com\/wp-content\/uploads\/2024\/12\/Regala-un-curso-de-torno-1024x1024.jpg 1024w, https:\/\/basbarcelona.com\/wp-content\/uploads\/2024\/12\/Regala-un-curso-de-torno-150x150.jpg 150w, https:\/\/basbarcelona.com\/wp-content\/uploads\/2024\/12\/Regala-un-curso-de-torno-768x768.jpg 768w, https:\/\/basbarcelona.com\/wp-content\/uploads\/2024\/12\/Regala-un-curso-de-torno-12x12.jpg 12w, https:\/\/basbarcelona.com\/wp-content\/uploads\/2024\/12\/Regala-un-curso-de-torno-500x500.jpg 500w, https:\/\/basbarcelona.com\/wp-content\/uploads\/2024\/12\/Regala-un-curso-de-torno-100x100.jpg 100w, https:\/\/basbarcelona.com\/wp-content\/uploads\/2024\/12\/Regala-un-curso-de-torno.jpg 1080w\" sizes=\"(max-width: 600px) 100vw, 600px\" title=\"\"><\/a><\/div>\t<\/div>\n<\/div>\n\t\t\t\t<\/div>\n\t\t\t\t<\/div>\n\t\t<div class=\"elementor-element elementor-element-096f4a9 e-con-full e-flex e-con e-child\" data-id=\"096f4a9\" data-element_type=\"container\" data-e-type=\"container\">\n\t\t\t\t<div class=\"elementor-element elementor-element-4be0598 elementor-widget elementor-widget-woocommerce-product-title elementor-page-title elementor-widget-heading\" data-id=\"4be0598\" data-element_type=\"widget\" data-e-type=\"widget\" data-widget_type=\"woocommerce-product-title.default\">\n\t\t\t\t\t<h1 class=\"product_title entry-title elementor-heading-title elementor-size-default\">Tarjeta Regalo Curso de Torno<\/h1>\t\t\t\t<\/div>\n\t\t\t\t<div class=\"elementor-element elementor-element-f7abbef elementor-widget elementor-widget-woocommerce-product-short-description\" data-id=\"f7abbef\" data-element_type=\"widget\" data-e-type=\"widget\" data-widget_type=\"woocommerce-product-short-description.default\">\n\t\t\t\t\t<div class=\"woocommerce-product-details__short-description\">\n\t<h3 data-start=\"161\" data-end=\"329\">Curso de Torno en Fin de Semana<\/h3>\n<p data-start=\"161\" data-end=\"329\">Sorprende a alguien especial con una experiencia distinta: un taller intensivo de torno pensado para disfrutar, aprender y dar forma a piezas \u00fanicas en solo dos d\u00edas.<\/p>\n<p data-start=\"331\" data-end=\"491\">La Tarjeta de Regalo incluye un curso completo de fin de semana, con sesiones pr\u00e1cticas donde el alumno descubrir\u00e1 las t\u00e9cnicas esenciales del torno cer\u00e1mico.<\/p>\n<p data-start=\"493\" data-end=\"715\">Una vez realizada la compra, podr\u00e1s descargar la tarjeta en PDF, lista para entregar. All\u00ed encontrar\u00e1 toda la informaci\u00f3n necesaria para ponerse en contacto con nosotros y elegir la fecha que mejor se adapte a su agenda.<\/p>\n<p data-start=\"717\" data-end=\"882\">Un obsequio diferente y con gran valor simb\u00f3lico, perfecto para quienes aman el arte y la creatividad. \u00a1Un fin de semana que se convertir\u00e1 en un recuerdo especial!<\/p>\n<\/div>\n\t\t\t\t<\/div>\n\t\t\t\t<div class=\"elementor-element elementor-element-b4a4258 elementor-widget elementor-widget-woocommerce-product-price\" data-id=\"b4a4258\" data-element_type=\"widget\" data-e-type=\"widget\" data-widget_type=\"woocommerce-product-price.default\">\n\t\t\t\t\t<p class=\"price\"><span class=\"woocommerce-Price-amount amount\"><bdi><span class=\"woocommerce-Price-currencySymbol\">&euro;<\/span>150.00<\/bdi><\/span><\/p>\n\t\t\t\t<\/div>\n\t\t\t\t<div class=\"elementor-element elementor-element-faeba2d e-add-to-cart--show-quantity-yes elementor-widget elementor-widget-woocommerce-product-add-to-cart\" data-id=\"faeba2d\" data-element_type=\"widget\" data-e-type=\"widget\" data-widget_type=\"woocommerce-product-add-to-cart.default\">\n\t\t\t\t\t\n\t\t<div class=\"elementor-add-to-cart elementor-product-simple\">\n\t\t\t\n\t\n\t<form class=\"cart\" action=\"https:\/\/basbarcelona.com\/es\/product\/tarjeta-regalo-curso-de-torno\/\" method=\"post\" enctype='multipart\/form-data'>\n\t\t\n\t\t<div class=\"quantity\">\n\t\t<label class=\"screen-reader-text\" for=\"quantity_69e77c9ca648d\">Tarjeta Regalo Curso de Torno cantidad<\/label>\n\t<input\n\t\ttype=\"number\"\n\t\t\t\tid=\"quantity_69e77c9ca648d\"\n\t\tclass=\"input-text qty text\"\n\t\tname=\"quantity\"\n\t\tvalue=\"1\"\n\t\taria-label=\"Cantidad de productos\"\n\t\t\t\tmin=\"1\"\n\t\t\t\t\t\t\tstep=\"1\"\n\t\t\tplaceholder=\"\"\n\t\t\tinputmode=\"numeric\"\n\t\t\tautocomplete=\"off\"\n\t\t\t\/>\n\t<\/div>\n\n\t\t<button type=\"submit\" name=\"add-to-cart\" value=\"10751\" class=\"single_add_to_cart_button button alt\">A\u00f1adir al carrito<\/button>\n\n\t\t\t<\/form>\n\n\t<div id=\"paypal-standard-container\"><\/div>\n\t\t<\/div>\n\n\t\t\t\t\t\t<\/div>\n\t\t\t\t<\/div>\n\t\t\t\t\t<\/div>\n\t\t\t\t<\/div>\n\t\t\t\t<\/div>\n\t\t","protected":false},"excerpt":{"rendered":"<h3 data-start=\"161\" data-end=\"329\">Curso de Torno en Fin de Semana<\/h3>\n<p data-start=\"161\" data-end=\"329\">Sorprende a alguien especial con una experiencia distinta: un taller intensivo de torno pensado para disfrutar, aprender y dar forma a piezas \u00fanicas en solo dos d\u00edas.<\/p>\n<p data-start=\"331\" data-end=\"491\">La Tarjeta de Regalo incluye un curso completo de fin de semana, con sesiones pr\u00e1cticas donde el alumno descubrir\u00e1 las t\u00e9cnicas esenciales del torno cer\u00e1mico.<\/p>\n<p data-start=\"493\" data-end=\"715\">Una vez realizada la compra, podr\u00e1s descargar la tarjeta en PDF, lista para entregar. All\u00ed encontrar\u00e1 toda la informaci\u00f3n necesaria para ponerse en contacto con nosotros y elegir la fecha que mejor se adapte a su agenda.<\/p>\n<p data-start=\"717\" data-end=\"882\">Un obsequio diferente y con gran valor simb\u00f3lico, perfecto para quienes aman el arte y la creatividad. \u00a1Un fin de semana que se convertir\u00e1 en un recuerdo especial!<\/p>\n","protected":false},"featured_media":10753,"comment_status":"closed","ping_status":"closed","template":"","meta":[],"product_brand":[],"product_cat":[28],"product_tag":[],"class_list":{"0":"post-10751","1":"product","2":"type-product","3":"status-publish","4":"has-post-thumbnail","6":"product_cat-cursos","8":"first","9":"instock","10":"downloadable","11":"virtual","12":"taxable","13":"purchasable","14":"product-type-simple"},"_links":{"self":[{"href":"https:\/\/basbarcelona.com\/es\/wp-json\/wp\/v2\/product\/10751","targetHints":{"allow":["GET"]}}],"collection":[{"href":"https:\/\/basbarcelona.com\/es\/wp-json\/wp\/v2\/product"}],"about":[{"href":"https:\/\/basbarcelona.com\/es\/wp-json\/wp\/v2\/types\/product"}],"replies":[{"embeddable":true,"href":"https:\/\/basbarcelona.com\/es\/wp-json\/wp\/v2\/comments?post=10751"}],"version-history":[{"count":0,"href":"https:\/\/basbarcelona.com\/es\/wp-json\/wp\/v2\/product\/10751\/revisions"}],"wp:featuredmedia":[{"embeddable":true,"href":"https:\/\/basbarcelona.com\/es\/wp-json\/wp\/v2\/media\/10753"}],"wp:attachment":[{"href":"https:\/\/basbarcelona.com\/es\/wp-json\/wp\/v2\/media?parent=10751"}],"wp:term":[{"taxonomy":"product_brand","embeddable":true,"href":"https:\/\/basbarcelona.com\/es\/wp-json\/wp\/v2\/product_brand?post=10751"},{"taxonomy":"product_cat","embeddable":true,"href":"https:\/\/basbarcelona.com\/es\/wp-json\/wp\/v2\/product_cat?post=10751"},{"taxonomy":"product_tag","embeddable":true,"href":"https:\/\/basbarcelona.com\/es\/wp-json\/wp\/v2\/product_tag?post=10751"}],"curies":[{"name":"wp","href":"https:\/\/api.w.org\/{rel}","templated":true}]}}