{"id":9493,"date":"2023-07-05T12:40:41","date_gmt":"2023-07-05T10:40:41","guid":{"rendered":"https:\/\/basbarcelona.com\/carrito-2\/"},"modified":"2026-01-06T22:01:28","modified_gmt":"2026-01-06T21:01:28","slug":"carrito-2","status":"publish","type":"page","link":"https:\/\/basbarcelona.com\/es\/carrito-2\/","title":{"rendered":"Carrito"},"content":{"rendered":"\t\t<div data-elementor-type=\"wp-page\" data-elementor-id=\"9493\" class=\"elementor elementor-9493\" data-elementor-post-type=\"page\">\n\t\t\t\t<div class=\"elementor-element elementor-element-6d1c6e8 e-flex e-con-boxed e-con e-parent\" data-id=\"6d1c6e8\" data-element_type=\"container\" data-e-type=\"container\">\n\t\t\t\t\t<div class=\"e-con-inner\">\n\t\t\t\t\t<\/div>\n\t\t\t\t<\/div>\n\t\t\t\t<\/div>\n\t\t","protected":false},"excerpt":{"rendered":"<p>Eliminar art\u00edculo Imagen en miniatura Producto Precio Cantidad Subtotal &times; Tarjeta Regalo Curso de Torno &euro;150.00 Tarjeta Regalo Curso de Torno cantidad &euro;150.00 &times; Essential n\u00ba2 &euro;185.00 Essential n\u00ba2 cantidad &euro;185.00 Actualizar el carrito Aplicar el cup\u00f3n Totales del carrito Subtotal &euro;335.00 Env\u00edo Express &#8211; 1 d\u00eda: &euro;5.38 Envio normal &#8211; 3 dias: &euro;4.49 Enviar [&hellip;]<\/p>\n","protected":false},"author":1,"featured_media":0,"parent":0,"menu_order":0,"comment_status":"closed","ping_status":"closed","template":"","meta":{"footnotes":""},"class_list":["post-9493","page","type-page","status-publish","hentry"],"_links":{"self":[{"href":"https:\/\/basbarcelona.com\/es\/wp-json\/wp\/v2\/pages\/9493","targetHints":{"allow":["GET"]}}],"collection":[{"href":"https:\/\/basbarcelona.com\/es\/wp-json\/wp\/v2\/pages"}],"about":[{"href":"https:\/\/basbarcelona.com\/es\/wp-json\/wp\/v2\/types\/page"}],"author":[{"embeddable":true,"href":"https:\/\/basbarcelona.com\/es\/wp-json\/wp\/v2\/users\/1"}],"replies":[{"embeddable":true,"href":"https:\/\/basbarcelona.com\/es\/wp-json\/wp\/v2\/comments?post=9493"}],"version-history":[{"count":0,"href":"https:\/\/basbarcelona.com\/es\/wp-json\/wp\/v2\/pages\/9493\/revisions"}],"wp:attachment":[{"href":"https:\/\/basbarcelona.com\/es\/wp-json\/wp\/v2\/media?parent=9493"}],"curies":[{"name":"wp","href":"https:\/\/api.w.org\/{rel}","templated":true}]}}