{"id":809,"date":"2020-10-14T16:25:36","date_gmt":"2020-10-14T14:25:36","guid":{"rendered":"https:\/\/basbarcelona.com\/?page_id=809"},"modified":"2026-03-28T17:35:57","modified_gmt":"2026-03-28T16:35:57","slug":"essential-n2","status":"publish","type":"page","link":"https:\/\/basbarcelona.com\/es\/essential-n2\/","title":{"rendered":"Essential n2"},"content":{"rendered":"\t\t<div data-elementor-type=\"wp-post\" data-elementor-id=\"809\" class=\"elementor elementor-809\" data-elementor-post-type=\"page\">\n\t\t\t\t<div class=\"elementor-element elementor-element-60c64d6 e-flex e-con-boxed e-con e-parent\" data-id=\"60c64d6\" data-element_type=\"container\" data-e-type=\"container\" data-settings=\"{&quot;background_background&quot;:&quot;classic&quot;}\">\n\t\t\t\t\t<div class=\"e-con-inner\">\n\t\t<div class=\"elementor-element elementor-element-792e9d0 e-flex e-con-boxed e-con e-child\" data-id=\"792e9d0\" data-element_type=\"container\" data-e-type=\"container\" data-settings=\"{&quot;background_background&quot;:&quot;classic&quot;}\">\n\t\t\t\t\t<div class=\"e-con-inner\">\n\t\t\t\t<div class=\"elementor-element elementor-element-4347ec0 elementor-widget elementor-widget-heading\" data-id=\"4347ec0\" data-element_type=\"widget\" data-e-type=\"widget\" data-widget_type=\"heading.default\">\n\t\t\t\t\t<h2 class=\"elementor-heading-title elementor-size-default\">n\u00ba2<\/h2>\t\t\t\t<\/div>\n\t\t\t\t<div class=\"elementor-element elementor-element-5357db5 elementor-widget elementor-widget-heading\" data-id=\"5357db5\" data-element_type=\"widget\" data-e-type=\"widget\" data-widget_type=\"heading.default\">\n\t\t\t\t\t<h2 class=\"elementor-heading-title elementor-size-default\">Essential<\/h2>\t\t\t\t<\/div>\n\t\t\t\t<div class=\"elementor-element elementor-element-1783938 elementor-widget-divider--view-line elementor-widget elementor-widget-divider\" data-id=\"1783938\" data-element_type=\"widget\" data-e-type=\"widget\" data-widget_type=\"divider.default\">\n\t\t\t\t\t\t\t<div class=\"elementor-divider\">\n\t\t\t<span class=\"elementor-divider-separator\">\n\t\t\t\t\t\t<\/span>\n\t\t<\/div>\n\t\t\t\t\t\t<\/div>\n\t\t\t\t<div class=\"elementor-element elementor-element-65cd86b elementor-widget elementor-widget-heading\" data-id=\"65cd86b\" data-element_type=\"widget\" data-e-type=\"widget\" data-widget_type=\"heading.default\">\n\t\t\t\t\t<h2 class=\"elementor-heading-title elementor-size-default\">Resguardada y protegida <\/h2>\t\t\t\t<\/div>\n\t\t\t\t\t<\/div>\n\t\t\t\t<\/div>\n\t\t\t\t\t<\/div>\n\t\t\t\t<\/div>\n\t\t<div class=\"elementor-element elementor-element-d117b1d e-con-full e-flex e-con e-parent\" data-id=\"d117b1d\" data-element_type=\"container\" data-e-type=\"container\">\n\t\t<div class=\"elementor-element elementor-element-4d57804 e-con-full e-flex e-con e-child\" data-id=\"4d57804\" data-element_type=\"container\" data-e-type=\"container\">\n\t\t\t\t<div class=\"elementor-element elementor-element-91c711e elementor-widget elementor-widget-heading\" data-id=\"91c711e\" data-element_type=\"widget\" data-e-type=\"widget\" data-widget_type=\"heading.default\">\n\t\t\t\t\t<h1 class=\"elementor-heading-title elementor-size-large\">El hogar de la planta<\/h1>\t\t\t\t<\/div>\n\t\t\t\t<div class=\"elementor-element elementor-element-e21d6f3 elementor-widget elementor-widget-text-editor\" data-id=\"e21d6f3\" data-element_type=\"widget\" data-e-type=\"widget\" data-widget_type=\"text-editor.default\">\n\t\t\t\t\t\t\t\t\t<p>El reino vegetal necesitaba una maceta de cer\u00e1mica que exaltara el valor que las plantas tienen.<\/p>\t\t\t\t\t\t\t\t<\/div>\n\t\t\t\t<div class=\"elementor-element elementor-element-4844c24 elementor-align-left elementor-mobile-align-center elementor-tablet-align-left elementor-widget elementor-widget-button\" data-id=\"4844c24\" data-element_type=\"widget\" data-e-type=\"widget\" data-widget_type=\"button.default\">\n\t\t\t\t\t\t\t\t\t\t<a class=\"elementor-button elementor-button-link elementor-size-sm\" href=\"https:\/\/basbarcelona.com\/es\/producto\/essential-no2\/\" target=\"_blank\">\n\t\t\t\t\t\t<span class=\"elementor-button-content-wrapper\">\n\t\t\t\t\t\t\t\t\t<span class=\"elementor-button-text\">Ver maceta de dise\u00f1o essential n\u00ba2<\/span>\n\t\t\t\t\t<\/span>\n\t\t\t\t\t<\/a>\n\t\t\t\t\t\t\t\t<\/div>\n\t\t\t\t<\/div>\n\t\t<div class=\"elementor-element elementor-element-04d4903 e-con-full e-flex e-con e-child\" data-id=\"04d4903\" data-element_type=\"container\" data-e-type=\"container\">\n\t\t\t\t<div class=\"elementor-element elementor-element-91a65c5 elementor-widget-mobile__width-inherit elementor-widget elementor-widget-image\" data-id=\"91a65c5\" data-element_type=\"widget\" data-e-type=\"widget\" data-widget_type=\"image.default\">\n\t\t\t\t\t\t\t\t\t\t\t\t\t\t\t<img fetchpriority=\"high\" decoding=\"async\" width=\"1024\" height=\"686\" src=\"https:\/\/basbarcelona.com\/wp-content\/uploads\/2021\/05\/Essencial-mesa-marmol.jpg\" class=\"attachment-full size-full wp-image-1541\" alt=\"Maceta especial en mesa de marmol\" srcset=\"https:\/\/basbarcelona.com\/wp-content\/uploads\/2021\/05\/Essencial-mesa-marmol-300x201.jpg 300w, https:\/\/basbarcelona.com\/wp-content\/uploads\/2021\/05\/Essencial-mesa-marmol-768x515.jpg 768w, https:\/\/basbarcelona.com\/wp-content\/uploads\/2021\/05\/Essencial-mesa-marmol.jpg 1024w, https:\/\/basbarcelona.com\/wp-content\/uploads\/2021\/05\/Essencial-mesa-marmol-600x402.jpg 600w\" sizes=\"(max-width: 1024px) 100vw, 1024px\" title=\"\">\t\t\t\t\t\t\t\t\t\t\t\t\t\t\t<\/div>\n\t\t\t\t<\/div>\n\t\t\t\t<\/div>\n\t\t<div class=\"elementor-element elementor-element-fd9d4d9 e-flex e-con-boxed e-con e-parent\" data-id=\"fd9d4d9\" data-element_type=\"container\" data-e-type=\"container\" data-settings=\"{&quot;background_background&quot;:&quot;classic&quot;}\">\n\t\t\t\t\t<div class=\"e-con-inner\">\n\t\t\t\t<div class=\"elementor-element elementor-element-fbcd6c9 elementor-widget__width-initial elementor-widget-tablet__width-initial elementor-widget elementor-widget-video\" data-id=\"fbcd6c9\" data-element_type=\"widget\" data-e-type=\"widget\" data-settings=\"{&quot;video_type&quot;:&quot;hosted&quot;,&quot;autoplay&quot;:&quot;yes&quot;,&quot;mute&quot;:&quot;yes&quot;,&quot;loop&quot;:&quot;yes&quot;}\" data-widget_type=\"video.default\">\n\t\t\t\t\t\t\t<div class=\"e-hosted-video elementor-wrapper elementor-open-inline\">\n\t\t\t\t\t<video class=\"elementor-video\" src=\"https:\/\/basbarcelona.com\/wp-content\/uploads\/2021\/04\/Essential-n2.mp4\" autoplay=\"\" loop=\"\" muted=\"muted\" controlsList=\"nodownload\"><\/video>\n\t\t\t\t<\/div>\n\t\t\t\t\t\t<\/div>\n\t\t\t\t<div class=\"elementor-element elementor-element-51ba57f elementor-widget__width-initial elementor-widget-mobile__width-initial elementor-tabs-view-horizontal elementor-widget elementor-widget-tabs\" data-id=\"51ba57f\" data-element_type=\"widget\" data-e-type=\"widget\" data-settings=\"{&quot;_animation&quot;:&quot;none&quot;}\" data-widget_type=\"tabs.default\">\n\t\t\t\t\t\t\t<div class=\"elementor-tabs\">\n\t\t\t<div class=\"elementor-tabs-wrapper\" role=\"tablist\" >\n\t\t\t\t\t\t\t\t\t<div id=\"elementor-tab-title-8561\" class=\"elementor-tab-title elementor-tab-desktop-title\" aria-selected=\"true\" data-tab=\"1\" role=\"tab\" tabindex=\"0\" aria-controls=\"elementor-tab-content-8561\" aria-expanded=\"false\">Descripci\u00f3n<\/div>\n\t\t\t\t\t\t\t\t\t<div id=\"elementor-tab-title-8562\" class=\"elementor-tab-title elementor-tab-desktop-title\" aria-selected=\"false\" data-tab=\"2\" role=\"tab\" tabindex=\"-1\" aria-controls=\"elementor-tab-content-8562\" aria-expanded=\"false\">Detalles<\/div>\n\t\t\t\t\t\t\t<\/div>\n\t\t\t<div class=\"elementor-tabs-content-wrapper\" role=\"tablist\" aria-orientation=\"vertical\">\n\t\t\t\t\t\t\t\t\t<div class=\"elementor-tab-title elementor-tab-mobile-title\" aria-selected=\"true\" data-tab=\"1\" role=\"tab\" tabindex=\"0\" aria-controls=\"elementor-tab-content-8561\" aria-expanded=\"false\">Descripci\u00f3n<\/div>\n\t\t\t\t\t<div id=\"elementor-tab-content-8561\" class=\"elementor-tab-content elementor-clearfix\" data-tab=\"1\" role=\"tabpanel\" aria-labelledby=\"elementor-tab-title-8561\" tabindex=\"0\" hidden=\"false\"><p>Esta maceta de cer\u00e1mica blanca ha sido dise\u00f1ada para que la luz ambiental sea capturada por su forma c\u00f3ncava, y de esta manera ayuda a que la planta pueda crecer sana, especialmente en espacios donde escasea la luz.<\/p><p>En el caso que el sol directo entre por la ventana durante mucho tiempo tambi\u00e9n puedes proteger la planta orientando la pared de la maceta en la posici\u00f3n adecuada.<\/p><\/div>\n\t\t\t\t\t\t\t\t\t<div class=\"elementor-tab-title elementor-tab-mobile-title\" aria-selected=\"false\" data-tab=\"2\" role=\"tab\" tabindex=\"-1\" aria-controls=\"elementor-tab-content-8562\" aria-expanded=\"false\">Detalles<\/div>\n\t\t\t\t\t<div id=\"elementor-tab-content-8562\" class=\"elementor-tab-content elementor-clearfix\" data-tab=\"2\" role=\"tabpanel\" aria-labelledby=\"elementor-tab-title-8562\" tabindex=\"0\" hidden=\"hidden\"><p style=\"text-align: left;\"><img decoding=\"async\" class=\"wp-image-1295 alignright\" src=\"https:\/\/basbarcelona.com\/wp-content\/uploads\/2020\/12\/E2-dibujo.png\" alt=\"\" width=\"162\" height=\"190\" title=\"\" srcset=\"https:\/\/basbarcelona.com\/wp-content\/uploads\/2020\/12\/E2-dibujo.png 775w, https:\/\/basbarcelona.com\/wp-content\/uploads\/2020\/12\/E2-dibujo-257x300.png 257w, https:\/\/basbarcelona.com\/wp-content\/uploads\/2020\/12\/E2-dibujo-768x898.png 768w, https:\/\/basbarcelona.com\/wp-content\/uploads\/2020\/12\/E2-dibujo-600x701.png 600w\" sizes=\"(max-width: 162px) 100vw, 162px\" \/>Esta maceta de cer\u00e1mica est\u00e1 realizada de forma totalmente manual.<\/p><p>Este producto contiene las imperfecciones naturales derivadas del trabajo artesanal.<\/p><p><em>Medidas:\u00a0 altura 28 cm di\u00e1metro 20,5 cm<\/em><\/p><\/div>\n\t\t\t\t\t\t\t<\/div>\n\t\t<\/div>\n\t\t\t\t\t\t<\/div>\n\t\t\t\t\t<\/div>\n\t\t\t\t<\/div>\n\t\t<div class=\"elementor-element elementor-element-ee600f1 e-con-full e-flex e-con e-parent\" data-id=\"ee600f1\" data-element_type=\"container\" data-e-type=\"container\">\n\t\t<div class=\"elementor-element elementor-element-e99951e e-flex e-con-boxed e-con e-child\" data-id=\"e99951e\" data-element_type=\"container\" data-e-type=\"container\">\n\t\t\t\t\t<div class=\"e-con-inner\">\n\t\t\t\t<div class=\"elementor-element elementor-element-a92b104 elementor-widget elementor-widget-image\" data-id=\"a92b104\" data-element_type=\"widget\" data-e-type=\"widget\" data-widget_type=\"image.default\">\n\t\t\t\t\t\t\t\t\t\t\t\t\t\t\t<img decoding=\"async\" width=\"800\" height=\"450\" src=\"https:\/\/basbarcelona.com\/wp-content\/uploads\/2021\/07\/Trabajando-essential-n2-1024x576.jpg\" class=\"attachment-large size-large wp-image-4965\" alt=\"trabajando maceta essential n2\" srcset=\"https:\/\/basbarcelona.com\/wp-content\/uploads\/2021\/07\/Trabajando-essential-n2.jpg 1024w, https:\/\/basbarcelona.com\/wp-content\/uploads\/2021\/07\/Trabajando-essential-n2-300x169.jpg 300w, https:\/\/basbarcelona.com\/wp-content\/uploads\/2021\/07\/Trabajando-essential-n2-768x432.jpg 768w, https:\/\/basbarcelona.com\/wp-content\/uploads\/2021\/07\/Trabajando-essential-n2-600x338.jpg 600w\" sizes=\"(max-width: 800px) 100vw, 800px\" title=\"\">\t\t\t\t\t\t\t\t\t\t\t\t\t\t\t<\/div>\n\t\t\t\t\t<\/div>\n\t\t\t\t<\/div>\n\t\t<div class=\"elementor-element elementor-element-cb87962 e-flex e-con-boxed e-con e-child\" data-id=\"cb87962\" data-element_type=\"container\" data-e-type=\"container\">\n\t\t\t\t\t<div class=\"e-con-inner\">\n\t\t\t\t<div class=\"elementor-element elementor-element-879b061 elementor-widget elementor-widget-image\" data-id=\"879b061\" data-element_type=\"widget\" data-e-type=\"widget\" data-widget_type=\"image.default\">\n\t\t\t\t\t\t\t\t\t\t\t\t\t\t\t<img loading=\"lazy\" decoding=\"async\" width=\"800\" height=\"363\" src=\"https:\/\/basbarcelona.com\/wp-content\/uploads\/2021\/05\/xenia-bas-taller-essential-2-1024x465.jpg\" class=\"attachment-large size-large wp-image-1543\" alt=\"Xenia bas en el taller elaborando la maceta Essential 2\" srcset=\"https:\/\/basbarcelona.com\/wp-content\/uploads\/2021\/05\/xenia-bas-taller-essential-2.jpg 1024w, https:\/\/basbarcelona.com\/wp-content\/uploads\/2021\/05\/xenia-bas-taller-essential-2-300x136.jpg 300w, https:\/\/basbarcelona.com\/wp-content\/uploads\/2021\/05\/xenia-bas-taller-essential-2-768x349.jpg 768w, https:\/\/basbarcelona.com\/wp-content\/uploads\/2021\/05\/xenia-bas-taller-essential-2-1536x698.jpg 1536w, https:\/\/basbarcelona.com\/wp-content\/uploads\/2021\/05\/xenia-bas-taller-essential-2-600x273.jpg 600w\" sizes=\"(max-width: 800px) 100vw, 800px\" title=\"\">\t\t\t\t\t\t\t\t\t\t\t\t\t\t\t<\/div>\n\t\t\t\t\t<\/div>\n\t\t\t\t<\/div>\n\t\t\t\t<\/div>\n\t\t<div class=\"elementor-element elementor-element-d3daf45 e-con-full e-flex e-con e-parent\" data-id=\"d3daf45\" data-element_type=\"container\" data-e-type=\"container\" data-settings=\"{&quot;background_background&quot;:&quot;classic&quot;}\">\n\t\t<div class=\"elementor-element elementor-element-5d449d4 e-con-full e-flex e-con e-child\" data-id=\"5d449d4\" data-element_type=\"container\" data-e-type=\"container\">\n\t\t\t\t<div class=\"elementor-element elementor-element-f4b7507 elementor-widget elementor-widget-heading\" data-id=\"f4b7507\" data-element_type=\"widget\" data-e-type=\"widget\" data-widget_type=\"heading.default\">\n\t\t\t\t\t<h2 class=\"elementor-heading-title elementor-size-large\">El trono<br>de la reina<\/h2>\t\t\t\t<\/div>\n\t\t\t\t<div class=\"elementor-element elementor-element-9bd606e elementor-widget elementor-widget-image\" data-id=\"9bd606e\" data-element_type=\"widget\" data-e-type=\"widget\" data-widget_type=\"image.default\">\n\t\t\t\t\t\t\t\t\t\t\t\t\t\t\t<img loading=\"lazy\" decoding=\"async\" width=\"760\" height=\"760\" src=\"https:\/\/basbarcelona.com\/wp-content\/uploads\/2020\/10\/baf2fbb1-abf2-4173-b1a6-3511f3bc252b.jpg\" class=\"attachment-full size-full wp-image-10224\" alt=\"macetero design ceramica bas\" srcset=\"https:\/\/basbarcelona.com\/wp-content\/uploads\/2020\/10\/baf2fbb1-abf2-4173-b1a6-3511f3bc252b.jpg 760w, https:\/\/basbarcelona.com\/wp-content\/uploads\/2020\/10\/baf2fbb1-abf2-4173-b1a6-3511f3bc252b-300x300.jpg 300w, https:\/\/basbarcelona.com\/wp-content\/uploads\/2020\/10\/baf2fbb1-abf2-4173-b1a6-3511f3bc252b-150x150.jpg 150w, https:\/\/basbarcelona.com\/wp-content\/uploads\/2020\/10\/baf2fbb1-abf2-4173-b1a6-3511f3bc252b-600x600.jpg 600w, https:\/\/basbarcelona.com\/wp-content\/uploads\/2020\/10\/baf2fbb1-abf2-4173-b1a6-3511f3bc252b-100x100.jpg 100w\" sizes=\"(max-width: 760px) 100vw, 760px\" title=\"\">\t\t\t\t\t\t\t\t\t\t\t\t\t\t\t<\/div>\n\t\t\t\t<\/div>\n\t\t<div class=\"elementor-element elementor-element-1ee0f3e e-con-full e-flex e-con e-child\" data-id=\"1ee0f3e\" data-element_type=\"container\" data-e-type=\"container\">\n\t\t\t\t<div class=\"elementor-element elementor-element-15fcd3d elementor-widget elementor-widget-image\" data-id=\"15fcd3d\" data-element_type=\"widget\" data-e-type=\"widget\" data-widget_type=\"image.default\">\n\t\t\t\t\t\t\t\t\t\t\t\t\t\t\t\t<a href=\"https:\/\/basbarcelona.com\/es\/producto\/essential-no2\/\" target=\"_blank\">\n\t\t\t\t\t\t\t<img loading=\"lazy\" decoding=\"async\" width=\"920\" height=\"1024\" src=\"https:\/\/basbarcelona.com\/wp-content\/uploads\/2021\/04\/MG_8259_E.png\" class=\"elementor-animation-grow attachment-full size-full wp-image-1374\" alt=\"maceta ceramica blanca\" srcset=\"https:\/\/basbarcelona.com\/wp-content\/uploads\/2021\/04\/MG_8259_E.png 920w, https:\/\/basbarcelona.com\/wp-content\/uploads\/2021\/04\/MG_8259_E-270x300.png 270w, https:\/\/basbarcelona.com\/wp-content\/uploads\/2021\/04\/MG_8259_E-768x855.png 768w, https:\/\/basbarcelona.com\/wp-content\/uploads\/2021\/04\/MG_8259_E-1380x1536.png 1380w, https:\/\/basbarcelona.com\/wp-content\/uploads\/2021\/04\/MG_8259_E-1840x2048.png 1840w, https:\/\/basbarcelona.com\/wp-content\/uploads\/2021\/04\/MG_8259_E-600x668.png 600w\" sizes=\"(max-width: 920px) 100vw, 920px\" title=\"\">\t\t\t\t\t\t\t\t<\/a>\n\t\t\t\t\t\t\t\t\t\t\t\t\t\t\t<\/div>\n\t\t\t\t<div class=\"elementor-element elementor-element-dac8d06 elementor-widget elementor-widget-text-editor\" data-id=\"dac8d06\" data-element_type=\"widget\" data-e-type=\"widget\" data-widget_type=\"text-editor.default\">\n\t\t\t\t\t\t\t\t\t<p>En el hogar hay lugares especiales. En ellos podemos invitar a las plantas y hacerlas protagonistas de ese espacio.<\/p><p>Acomodada en su trono, la planta est\u00e1 reinando ese espacio con todo su esplendor.<\/p>\t\t\t\t\t\t\t\t<\/div>\n\t\t\t\t<div class=\"elementor-element elementor-element-ae3f5c5 elementor-align-center elementor-mobile-align-center elementor-tablet-align-left elementor-widget elementor-widget-button\" data-id=\"ae3f5c5\" data-element_type=\"widget\" data-e-type=\"widget\" data-widget_type=\"button.default\">\n\t\t\t\t\t\t\t\t\t\t<a class=\"elementor-button elementor-button-link elementor-size-sm\" href=\"https:\/\/basbarcelona.com\/es\/producto\/essential-no2\/\" target=\"_blank\">\n\t\t\t\t\t\t<span class=\"elementor-button-content-wrapper\">\n\t\t\t\t\t\t\t\t\t<span class=\"elementor-button-text\">Comprar maceta essential n\u00ba2<\/span>\n\t\t\t\t\t<\/span>\n\t\t\t\t\t<\/a>\n\t\t\t\t\t\t\t\t<\/div>\n\t\t\t\t<\/div>\n\t\t<div class=\"elementor-element elementor-element-47dc65c e-con-full e-flex e-con e-child\" data-id=\"47dc65c\" data-element_type=\"container\" data-e-type=\"container\">\n\t\t\t\t<div class=\"elementor-element elementor-element-de04c06 elementor-widget elementor-widget-text-editor\" data-id=\"de04c06\" data-element_type=\"widget\" data-e-type=\"widget\" data-widget_type=\"text-editor.default\">\n\t\t\t\t\t\t\t\t\t<p>La sencillez en el dise\u00f1o de esta maceta de cer\u00e1mica blanca\u00a0 hace que la planta se sienta vivificada.<\/p><p>Por su pared c\u00f3ncava, la luz entra en el\u00a0 interior de la maceta y se expande realzando cada detalle de la planta.<\/p>\t\t\t\t\t\t\t\t<\/div>\n\t\t\t\t<div class=\"elementor-element elementor-element-726b423 elementor-widget elementor-widget-image\" data-id=\"726b423\" data-element_type=\"widget\" data-e-type=\"widget\" data-widget_type=\"image.default\">\n\t\t\t\t\t\t\t\t\t\t\t\t\t\t\t<img loading=\"lazy\" decoding=\"async\" width=\"1000\" height=\"1000\" src=\"https:\/\/basbarcelona.com\/wp-content\/uploads\/2020\/10\/e38d717f-6380-4e2e-8069-961083b583e0.jpg\" class=\"attachment-full size-full wp-image-10029\" alt=\"maceta dise\u00f1o contemporaneo artesanal\" srcset=\"https:\/\/basbarcelona.com\/wp-content\/uploads\/2020\/10\/e38d717f-6380-4e2e-8069-961083b583e0.jpg 1000w, https:\/\/basbarcelona.com\/wp-content\/uploads\/2020\/10\/e38d717f-6380-4e2e-8069-961083b583e0-300x300.jpg 300w, https:\/\/basbarcelona.com\/wp-content\/uploads\/2020\/10\/e38d717f-6380-4e2e-8069-961083b583e0-150x150.jpg 150w, https:\/\/basbarcelona.com\/wp-content\/uploads\/2020\/10\/e38d717f-6380-4e2e-8069-961083b583e0-768x768.jpg 768w, https:\/\/basbarcelona.com\/wp-content\/uploads\/2020\/10\/e38d717f-6380-4e2e-8069-961083b583e0-600x600.jpg 600w, https:\/\/basbarcelona.com\/wp-content\/uploads\/2020\/10\/e38d717f-6380-4e2e-8069-961083b583e0-100x100.jpg 100w\" sizes=\"(max-width: 1000px) 100vw, 1000px\" title=\"\">\t\t\t\t\t\t\t\t\t\t\t\t\t\t\t<\/div>\n\t\t\t\t<\/div>\n\t\t\t\t<\/div>\n\t\t\t\t<\/div>\n\t\t","protected":false},"excerpt":{"rendered":"<p>n\u00ba2 Essential Resguardada y protegida El hogar de la planta El reino vegetal necesitaba una maceta de cer\u00e1mica que exaltara el valor que las plantas tienen. Ver maceta de dise\u00f1o essential n\u00ba2 https:\/\/basbarcelona.com\/wp-content\/uploads\/2021\/04\/Essential-n2.mp4 Descripci\u00f3n Detalles Descripci\u00f3n Esta maceta de cer\u00e1mica blanca ha sido dise\u00f1ada para que la luz ambiental sea capturada por su forma c\u00f3ncava, [&hellip;]<\/p>\n","protected":false},"author":1,"featured_media":5012,"parent":0,"menu_order":0,"comment_status":"closed","ping_status":"closed","template":"","meta":{"footnotes":""},"class_list":["post-809","page","type-page","status-publish","has-post-thumbnail","hentry"],"_links":{"self":[{"href":"https:\/\/basbarcelona.com\/es\/wp-json\/wp\/v2\/pages\/809","targetHints":{"allow":["GET"]}}],"collection":[{"href":"https:\/\/basbarcelona.com\/es\/wp-json\/wp\/v2\/pages"}],"about":[{"href":"https:\/\/basbarcelona.com\/es\/wp-json\/wp\/v2\/types\/page"}],"author":[{"embeddable":true,"href":"https:\/\/basbarcelona.com\/es\/wp-json\/wp\/v2\/users\/1"}],"replies":[{"embeddable":true,"href":"https:\/\/basbarcelona.com\/es\/wp-json\/wp\/v2\/comments?post=809"}],"version-history":[{"count":3,"href":"https:\/\/basbarcelona.com\/es\/wp-json\/wp\/v2\/pages\/809\/revisions"}],"predecessor-version":[{"id":13220,"href":"https:\/\/basbarcelona.com\/es\/wp-json\/wp\/v2\/pages\/809\/revisions\/13220"}],"wp:featuredmedia":[{"embeddable":true,"href":"https:\/\/basbarcelona.com\/es\/wp-json\/wp\/v2\/media\/5012"}],"wp:attachment":[{"href":"https:\/\/basbarcelona.com\/es\/wp-json\/wp\/v2\/media?parent=809"}],"curies":[{"name":"wp","href":"https:\/\/api.w.org\/{rel}","templated":true}]}}