{"id":2290,"date":"2021-05-21T14:03:11","date_gmt":"2021-05-21T14:03:11","guid":{"rendered":"https:\/\/basbarcelona.com\/?page_id=2290"},"modified":"2026-04-21T12:08:48","modified_gmt":"2026-04-21T10:08:48","slug":"casal-verano-ceramica-barcelona","status":"publish","type":"page","link":"https:\/\/basbarcelona.com\/es\/casal-verano-ceramica-barcelona\/","title":{"rendered":"Casal de Verano de Cer\u00e1mica en Barcelona"},"content":{"rendered":"\t\t<div data-elementor-type=\"wp-page\" data-elementor-id=\"2290\" class=\"elementor elementor-2290\" data-elementor-post-type=\"page\">\n\t\t\t\t<div class=\"elementor-element elementor-element-0c9bac6 e-flex e-con-boxed e-con e-parent\" data-id=\"0c9bac6\" data-element_type=\"container\" data-e-type=\"container\">\n\t\t\t\t\t<div class=\"e-con-inner\">\n\t\t\t\t<div class=\"elementor-element elementor-element-1643651 elementor-hidden-tablet elementor-hidden-mobile elementor-widget elementor-widget-spacer\" data-id=\"1643651\" data-element_type=\"widget\" data-e-type=\"widget\" data-widget_type=\"spacer.default\">\n\t\t\t\t\t\t\t<div class=\"elementor-spacer\">\n\t\t\t<div class=\"elementor-spacer-inner\"><\/div>\n\t\t<\/div>\n\t\t\t\t\t\t<\/div>\n\t\t\t\t<div class=\"elementor-element elementor-element-633800e elementor-widget__width-inherit elementor-widget elementor-widget-heading\" data-id=\"633800e\" data-element_type=\"widget\" data-e-type=\"widget\" data-widget_type=\"heading.default\">\n\t\t\t\t\t<h1 class=\"elementor-heading-title elementor-size-default\">Casal de Verano de cer\u00e1mica en Barcelona 2026<\/h1>\t\t\t\t<\/div>\n\t\t\t\t\t<\/div>\n\t\t\t\t<\/div>\n\t\t<div class=\"elementor-element elementor-element-9007a7e e-flex e-con-boxed e-con e-parent\" data-id=\"9007a7e\" data-element_type=\"container\" data-e-type=\"container\">\n\t\t\t\t\t<div class=\"e-con-inner\">\n\t\t<div class=\"elementor-element elementor-element-e68d14a e-con-full e-flex e-con e-child\" data-id=\"e68d14a\" data-element_type=\"container\" data-e-type=\"container\">\n\t\t\t\t<div class=\"elementor-element elementor-element-1aa49d8 elementor-hidden-desktop elementor-hidden-tablet elementor-widget elementor-widget-image\" data-id=\"1aa49d8\" data-element_type=\"widget\" data-e-type=\"widget\" data-widget_type=\"image.default\">\n\t\t\t\t\t\t\t\t\t\t\t\t\t\t\t<img fetchpriority=\"high\" decoding=\"async\" width=\"1195\" height=\"900\" src=\"https:\/\/basbarcelona.com\/wp-content\/uploads\/2025\/05\/Casal-verano-ceramica.jpg\" class=\"attachment-2048x2048 size-2048x2048 wp-image-11079\" alt=\"Casal verano cer\u00e1mica barcelona\" srcset=\"https:\/\/basbarcelona.com\/wp-content\/uploads\/2025\/05\/Casal-verano-ceramica.jpg 1195w, https:\/\/basbarcelona.com\/wp-content\/uploads\/2025\/05\/Casal-verano-ceramica-300x226.jpg 300w, https:\/\/basbarcelona.com\/wp-content\/uploads\/2025\/05\/Casal-verano-ceramica-1024x771.jpg 1024w, https:\/\/basbarcelona.com\/wp-content\/uploads\/2025\/05\/Casal-verano-ceramica-768x578.jpg 768w, https:\/\/basbarcelona.com\/wp-content\/uploads\/2025\/05\/Casal-verano-ceramica-16x12.jpg 16w, https:\/\/basbarcelona.com\/wp-content\/uploads\/2025\/05\/Casal-verano-ceramica-600x452.jpg 600w\" sizes=\"(max-width: 1195px) 100vw, 1195px\" title=\"\">\t\t\t\t\t\t\t\t\t\t\t\t\t\t\t<\/div>\n\t\t\t\t<div class=\"elementor-element elementor-element-f0ba54e elementor-widget elementor-widget-text-editor\" data-id=\"f0ba54e\" data-element_type=\"widget\" data-e-type=\"widget\" data-widget_type=\"text-editor.default\">\n\t\t\t\t\t\t\t\t\t<div class=\"vc_col-sm-6 wpb_column column_container col custom-padding color-dark\" data-animation=\"\" data-delay=\"\"><div class=\"wpb_wrapper\"><p data-start=\"120\" data-end=\"423\"><span class=\"_fadeIn_m1hgl_8\">\u00a1<\/span><span class=\"_fadeIn_m1hgl_8\">Hola!<\/span><br data-start=\"126\" data-end=\"129\" \/><span class=\"_fadeIn_m1hgl_8\">Soy <\/span><strong data-start=\"133\" data-end=\"146\"><span class=\"_fadeIn_m1hgl_8\">X\u00e8nia <\/span><span class=\"_fadeIn_m1hgl_8\">Bas<\/span><\/strong><span class=\"_fadeIn_m1hgl_8\">, <\/span><span class=\"_fadeIn_m1hgl_8\">ceramista <\/span><span class=\"_fadeIn_m1hgl_8\">de <\/span><span class=\"_fadeIn_m1hgl_8\">profesi\u00f3n <\/span><span class=\"_fadeIn_m1hgl_8\">y <\/span><span class=\"_fadeIn_m1hgl_8\">vocaci\u00f3n. <\/span><span class=\"_fadeIn_m1hgl_8\">La <\/span><span class=\"_fadeIn_m1hgl_8\">cer\u00e1mica <\/span><span class=\"_fadeIn_m1hgl_8\">es <\/span><span class=\"_fadeIn_m1hgl_8\">mi <\/span><span class=\"_fadeIn_m1hgl_8\">gran <\/span><span class=\"_fadeIn_m1hgl_8\">pasi\u00f3n, <\/span><span class=\"_fadeIn_m1hgl_8\">y <\/span><span class=\"_fadeIn_m1hgl_8\">una <\/span><span class=\"_fadeIn_m1hgl_8\">parte <\/span><span class=\"_fadeIn_m1hgl_8\">fundamental <\/span><span class=\"_fadeIn_m1hgl_8\">de <\/span><span class=\"_fadeIn_m1hgl_8\">mi <\/span><span class=\"_fadeIn_m1hgl_8\">trabajo <\/span><span class=\"_fadeIn_m1hgl_8\">es <\/span><span class=\"_fadeIn_m1hgl_8\">compartirla <\/span><span class=\"_fadeIn_m1hgl_8\">con <\/span><span class=\"_fadeIn_m1hgl_8\">peque\u00f1os y j\u00f3venes. <\/span><span class=\"_fadeIn_m1hgl_8\">Por <\/span><span class=\"_fadeIn_m1hgl_8\">eso, <\/span><span class=\"_fadeIn_m1hgl_8\">en <\/span><span class=\"_fadeIn_m1hgl_8\">verano <\/span><span class=\"_fadeIn_m1hgl_8\">abro <\/span><span class=\"_fadeIn_m1hgl_8\">las <\/span><span class=\"_fadeIn_m1hgl_8\">puertas <\/span><span class=\"_fadeIn_m1hgl_8\">de <\/span><span class=\"_fadeIn_m1hgl_8\">mi <\/span><span class=\"_fadeIn_m1hgl_8\">taller <\/span><span class=\"_fadeIn_m1hgl_8\">en <\/span><span class=\"_fadeIn_m1hgl_8\">Barcelona <\/span><span class=\"_fadeIn_m1hgl_8\">para <\/span><span class=\"_fadeIn_m1hgl_8\">ofrecer <\/span><strong data-start=\"366\" data-end=\"422\"><span class=\"_fadeIn_m1hgl_8\">clases <\/span><span class=\"_fadeIn_m1hgl_8\">de <\/span><span class=\"_fadeIn_m1hgl_8\">cer\u00e1mica <\/span><span class=\"_fadeIn_m1hgl_8\">para <\/span><span class=\"_fadeIn_m1hgl_8\">ni\u00f1os <\/span><span class=\"_fadeIn_m1hgl_8\">y <\/span><span class=\"_fadeIn_m1hgl_8\">ni\u00f1as <\/span><span class=\"_fadeIn_m1hgl_8\">de 7<\/span><span class=\"_fadeIn_m1hgl_8\">\u00a0<\/span><span class=\"_fadeIn_m1hgl_8\">a <\/span><span class=\"_fadeIn_m1hgl_8\">15 <\/span><span class=\"_fadeIn_m1hgl_8\">a\u00f1os<\/span><\/strong><span class=\"_fadeIn_m1hgl_8\">.<\/span><\/p><h3 data-start=\"425\" data-end=\"454\"><strong><span class=\"_fadeIn_m1hgl_8\">\u00bf<\/span><span class=\"_fadeIn_m1hgl_8\">Qu\u00e9 <\/span><span class=\"_fadeIn_m1hgl_8\">har\u00e1n <\/span><span class=\"_fadeIn_m1hgl_8\">en <\/span><span class=\"_fadeIn_m1hgl_8\">las <\/span><span class=\"_fadeIn_m1hgl_8\">clases?<\/span><\/strong><\/h3><p data-start=\"456\" data-end=\"615\"><span class=\"_fadeIn_m1hgl_8\">Los <\/span><span class=\"_fadeIn_m1hgl_8\">ni\u00f1os y ni\u00f1as <\/span><span class=\"_fadeIn_m1hgl_8\">trabajar\u00e1n <\/span><span class=\"_fadeIn_m1hgl_8\">con <\/span><span class=\"_fadeIn_m1hgl_8\">arcilla <\/span><span class=\"_fadeIn_m1hgl_8\">en <\/span><span class=\"_fadeIn_m1hgl_8\">un <\/span><span class=\"_fadeIn_m1hgl_8\">entorno <\/span><span class=\"_fadeIn_m1hgl_8\">creativo <\/span><span class=\"_fadeIn_m1hgl_8\">y <\/span><span class=\"_fadeIn_m1hgl_8\">relajado, <\/span><span class=\"_fadeIn_m1hgl_8\">desarrollando <\/span><span class=\"_fadeIn_m1hgl_8\">habilidades <\/span><span class=\"_fadeIn_m1hgl_8\">manuales, <\/span><span class=\"_fadeIn_m1hgl_8\">concentraci\u00f3n, <\/span><span class=\"_fadeIn_m1hgl_8\">paciencia <\/span><span class=\"_fadeIn_m1hgl_8\">y <\/span><span class=\"_fadeIn_m1hgl_8\">sobre <\/span><span class=\"_fadeIn_m1hgl_8\">todo, \u00a1<\/span><span class=\"_fadeIn_m1hgl_8\">su <\/span><span class=\"_fadeIn_m1hgl_8\">imaginaci\u00f3n!<\/span><\/p><ul data-start=\"617\" data-end=\"964\"><li data-start=\"617\" data-end=\"738\"><p data-start=\"619\" data-end=\"738\"><strong data-start=\"619\" data-end=\"639\"><span class=\"_fadeIn_m1hgl_8\">Modelado <\/span><span class=\"_fadeIn_m1hgl_8\">a <\/span><span class=\"_fadeIn_m1hgl_8\">mano:<\/span><\/strong> <span class=\"_fadeIn_m1hgl_8\">Dar\u00e1n <\/span><span class=\"_fadeIn_m1hgl_8\">forma <\/span><span class=\"_fadeIn_m1hgl_8\">a <\/span><span class=\"_fadeIn_m1hgl_8\">la <\/span><span class=\"_fadeIn_m1hgl_8\">arcilla <\/span><span class=\"_fadeIn_m1hgl_8\">creando <\/span><span class=\"_fadeIn_m1hgl_8\">animales, <\/span><span class=\"_fadeIn_m1hgl_8\">tazas, <\/span><span class=\"_fadeIn_m1hgl_8\">vasitos <\/span><span class=\"_fadeIn_m1hgl_8\">o <\/span><span class=\"_fadeIn_m1hgl_8\">figuras <\/span><span class=\"_fadeIn_m1hgl_8\">que <\/span><span class=\"_fadeIn_m1hgl_8\">ellos <\/span><span class=\"_fadeIn_m1hgl_8\">mismos <\/span><span class=\"_fadeIn_m1hgl_8\">imaginar\u00e1n.<\/span><\/p><\/li><li data-start=\"739\" data-end=\"866\"><p data-start=\"741\" data-end=\"866\"><strong data-start=\"741\" data-end=\"763\"><span class=\"_fadeIn_m1hgl_8\">Torno <\/span><span class=\"_fadeIn_m1hgl_8\">de <\/span><span class=\"_fadeIn_m1hgl_8\">alfarero:<\/span><\/strong> <span class=\"_fadeIn_m1hgl_8\">Probar\u00e1n <\/span><span class=\"_fadeIn_m1hgl_8\">el <\/span><span class=\"_fadeIn_m1hgl_8\">torno, <\/span><span class=\"_fadeIn_m1hgl_8\">una <\/span><span class=\"_fadeIn_m1hgl_8\">experiencia divertida<\/span><span class=\"_fadeIn_m1hgl_8\">\u00a0<\/span><span class=\"_fadeIn_m1hgl_8\">donde <\/span><span class=\"_fadeIn_m1hgl_8\">ver\u00e1n <\/span><span class=\"_fadeIn_m1hgl_8\">c\u00f3mo <\/span><span class=\"_fadeIn_m1hgl_8\">la <\/span><span class=\"_fadeIn_m1hgl_8\">arcilla <\/span><span class=\"_fadeIn_m1hgl_8\">se <\/span><span class=\"_fadeIn_m1hgl_8\">transforma <\/span><span class=\"_fadeIn_m1hgl_8\">entre <\/span><span class=\"_fadeIn_m1hgl_8\">sus <\/span><span class=\"_fadeIn_m1hgl_8\">manos.<\/span><\/p><\/li><li data-start=\"867\" data-end=\"964\"><p data-start=\"869\" data-end=\"964\"><strong data-start=\"869\" data-end=\"894\"><span class=\"_fadeIn_m1hgl_8\">Decoraci\u00f3n <\/span><span class=\"_fadeIn_m1hgl_8\">y <\/span><span class=\"_fadeIn_m1hgl_8\">pintura:<\/span><\/strong> <span class=\"_fadeIn_m1hgl_8\">Una <\/span><span class=\"_fadeIn_m1hgl_8\">vez <\/span><span class=\"_fadeIn_m1hgl_8\">secas, <\/span><span class=\"_fadeIn_m1hgl_8\">decorar\u00e1n <\/span><span class=\"_fadeIn_m1hgl_8\">sus <\/span><span class=\"_fadeIn_m1hgl_8\">piezas <\/span><span class=\"_fadeIn_m1hgl_8\">con <\/span><span class=\"_fadeIn_m1hgl_8\">colores, <\/span><span class=\"_fadeIn_m1hgl_8\">texturas <\/span><span class=\"_fadeIn_m1hgl_8\">y <\/span><span class=\"_fadeIn_m1hgl_8\">esmaltes.<\/span><\/p><\/li><\/ul><h3 data-start=\"966\" data-end=\"1009\"><strong><span class=\"_fadeIn_m1hgl_8\">No <\/span><span class=\"_fadeIn_m1hgl_8\">se <\/span><span class=\"_fadeIn_m1hgl_8\">requieren <\/span><span class=\"_fadeIn_m1hgl_8\">conocimientos <\/span><span class=\"_fadeIn_m1hgl_8\">previos<\/span><\/strong><\/h3><p data-start=\"1010\" data-end=\"1182\"><span class=\"_fadeIn_m1hgl_8\">Cada uno<\/span> <span class=\"_fadeIn_m1hgl_8\">avanza <\/span><span class=\"_fadeIn_m1hgl_8\">a <\/span><span class=\"_fadeIn_m1hgl_8\">su <\/span><span class=\"_fadeIn_m1hgl_8\">ritmo. <\/span><span class=\"_fadeIn_m1hgl_8\">Si <\/span><span class=\"_fadeIn_m1hgl_8\">es <\/span><span class=\"_fadeIn_m1hgl_8\">su <\/span><span class=\"_fadeIn_m1hgl_8\">primer <\/span><span class=\"_fadeIn_m1hgl_8\">contacto <\/span><span class=\"_fadeIn_m1hgl_8\">con <\/span><span class=\"_fadeIn_m1hgl_8\">la <\/span><span class=\"_fadeIn_m1hgl_8\">cer\u00e1mica, <\/span><span class=\"_fadeIn_m1hgl_8\">aprender\u00e1 <\/span><span class=\"_fadeIn_m1hgl_8\">desde <\/span><span class=\"_fadeIn_m1hgl_8\">lo <\/span><span class=\"_fadeIn_m1hgl_8\">m\u00e1s <\/span><span class=\"_fadeIn_m1hgl_8\">b\u00e1sico. <\/span><span class=\"_fadeIn_m1hgl_8\">Y <\/span><span class=\"_fadeIn_m1hgl_8\">si <\/span><span class=\"_fadeIn_m1hgl_8\">ya <\/span><span class=\"_fadeIn_m1hgl_8\">tiene <\/span><span class=\"_fadeIn_m1hgl_8\">experiencia, <\/span><span class=\"_fadeIn_m1hgl_8\">podr\u00e1 <\/span><span class=\"_fadeIn_m1hgl_8\">seguir <\/span><span class=\"_fadeIn_m1hgl_8\">desarrollando <\/span><span class=\"_fadeIn_m1hgl_8\">sus <\/span><span class=\"_fadeIn_m1hgl_8\">habilidades.<\/span><\/p><h3 data-start=\"1184\" data-end=\"1205\"><strong><span class=\"_fadeIn_m1hgl_8\">Fechas <\/span><span class=\"_fadeIn_m1hgl_8\">y <\/span><span class=\"_fadeIn_m1hgl_8\">horarios<\/span><\/strong><\/h3><p data-start=\"1207\" data-end=\"1292\"><strong data-start=\"1210\" data-end=\"1244\"><span class=\"_fadeIn_m1hgl_8\">Del <\/span><span class=\"_fadeIn_m1hgl_8\">22 <\/span><span class=\"_fadeIn_m1hgl_8\">de <\/span><span class=\"_fadeIn_m1hgl_8\">junio <\/span><span class=\"_fadeIn_m1hgl_8\">al 31<\/span><span class=\"_fadeIn_m1hgl_8\">\u00a0<\/span><span class=\"_fadeIn_m1hgl_8\">de <\/span><span class=\"_fadeIn_m1hgl_8\">julio *<\/span><\/strong><br data-start=\"1244\" data-end=\"1247\" \/><strong data-start=\"1250\" data-end=\"1292\"><span class=\"_fadeIn_m1hgl_8\">De <\/span><span class=\"_fadeIn_m1hgl_8\">lunes <\/span><span class=\"_fadeIn_m1hgl_8\">a <\/span><span class=\"_fadeIn_m1hgl_8\">viernes, <\/span><span class=\"_fadeIn_m1hgl_8\">de <\/span><span class=\"_fadeIn_m1hgl_8\">10:<\/span><span class=\"_fadeIn_m1hgl_8\">00 <\/span><span class=\"_fadeIn_m1hgl_8\">a <\/span><span class=\"_fadeIn_m1hgl_8\">13:<\/span><span class=\"_fadeIn_m1hgl_8\">00 <\/span><span class=\"_fadeIn_m1hgl_8\">h<\/span><\/strong><strong data-start=\"1250\" data-end=\"1292\"><span class=\"_fadeIn_m1hgl_8\">\u00a0<\/span><\/strong><\/p><h3 data-start=\"1294\" data-end=\"1304\"><strong><span class=\"_fadeIn_m1hgl_8\">Precio<\/span><\/strong><\/h3><p data-start=\"1306\" data-end=\"1416\"><strong data-start=\"1309\" data-end=\"1329\"><span class=\"_fadeIn_m1hgl_8\">150 \u20ac <\/span><span class=\"_fadeIn_m1hgl_8\">por <\/span><span class=\"_fadeIn_m1hgl_8\">semana<\/span><\/strong><br data-start=\"1329\" data-end=\"1332\" \/><span class=\"_fadeIn_m1hgl_8\">10% <\/span><span class=\"_fadeIn_m1hgl_8\">de <\/span><span class=\"_fadeIn_m1hgl_8\">descuento <\/span><span class=\"_fadeIn_m1hgl_8\">si <\/span><span class=\"_fadeIn_m1hgl_8\">viene <\/span><span class=\"_fadeIn_m1hgl_8\">con <\/span><span class=\"_fadeIn_m1hgl_8\">un <\/span><span class=\"_fadeIn_m1hgl_8\">hermano\/<\/span><span class=\"_fadeIn_m1hgl_8\">a <\/span><span class=\"_fadeIn_m1hgl_8\">o <\/span><span class=\"_fadeIn_m1hgl_8\">amigo\/<\/span><span class=\"_fadeIn_m1hgl_8\">a<\/span><br data-start=\"1387\" data-end=\"1390\" \/><strong data-start=\"1393\" data-end=\"1416\"><span class=\"_fadeIn_m1hgl_8\">35 \u20ac <\/span><span class=\"_fadeIn_m1hgl_8\">por <\/span><span class=\"_fadeIn_m1hgl_8\">d\u00eda <\/span><span class=\"_fadeIn_m1hgl_8\">suelto<\/span><\/strong><\/p><p data-start=\"1306\" data-end=\"1416\">* <em>Calendario sujeto a modificaciones seg\u00fan plazas.<\/em><\/p><hr data-start=\"1418\" data-end=\"1421\" \/><p data-start=\"1423\" data-end=\"1545\">\u00a0<\/p><p data-start=\"1423\" data-end=\"1545\"><span class=\"_fadeIn_m1hgl_8\">Si <\/span><span class=\"_fadeIn_m1hgl_8\">buscas <\/span><span class=\"_fadeIn_m1hgl_8\">una <\/span><span class=\"_fadeIn_m1hgl_8\">actividad <\/span><span class=\"_fadeIn_m1hgl_8\">creativa, <\/span><span class=\"_fadeIn_m1hgl_8\">artesanal <\/span><span class=\"_fadeIn_m1hgl_8\">y <\/span><span class=\"_fadeIn_m1hgl_8\">enriquecedora <\/span><span class=\"_fadeIn_m1hgl_8\">para <\/span><span class=\"_fadeIn_m1hgl_8\">este <\/span><span class=\"_fadeIn_m1hgl_8\">verano, \u00a1<\/span><span class=\"_fadeIn_m1hgl_8\">tu <\/span><span class=\"_fadeIn_m1hgl_8\">hijo\/<\/span><span class=\"_fadeIn_m1hgl_8\">a <\/span><span class=\"_fadeIn_m1hgl_8\">ser\u00e1 <\/span><span class=\"_fadeIn_m1hgl_8\">muy <\/span><span class=\"_fadeIn_m1hgl_8\">bienvenido <\/span><span class=\"_fadeIn_m1hgl_8\">en <\/span><span class=\"_fadeIn_m1hgl_8\">el <\/span><span class=\"_fadeIn_m1hgl_8\">taller!<\/span><\/p><p data-start=\"1547\" data-end=\"1644\"><strong data-start=\"1547\" data-end=\"1644\"><span class=\"_fadeIn_m1hgl_8\">\u00bf<\/span><span class=\"_fadeIn_m1hgl_8\">Te <\/span><span class=\"_fadeIn_m1hgl_8\">gustar\u00eda <\/span><span class=\"_fadeIn_m1hgl_8\">reservar <\/span><span class=\"_fadeIn_m1hgl_8\">una <\/span><span class=\"_fadeIn_m1hgl_8\">plaza <\/span><span class=\"_fadeIn_m1hgl_8\">o <\/span><span class=\"_fadeIn_m1hgl_8\">saber <\/span><span class=\"_fadeIn_m1hgl_8\">m\u00e1s? <\/span><span class=\"_fadeIn_m1hgl_8\">Estoy <\/span><span class=\"_fadeIn_m1hgl_8\">encantada <\/span><span class=\"_fadeIn_m1hgl_8\">de <\/span><span class=\"_fadeIn_m1hgl_8\">responder <\/span><span class=\"_fadeIn_m1hgl_8\">cualquier <\/span><span class=\"_fadeIn_m1hgl_8\">pregunta.<\/span><\/strong><\/p><p data-start=\"1547\" data-end=\"1644\">\u00a0<\/p><hr data-start=\"1646\" data-end=\"1650\" \/><div class=\"wpb_text_column wpb_content_element \"><div class=\"wpb_wrapper\"><div class=\"descripcion\">\u00a0<\/div><\/div><\/div><\/div><\/div>\t\t\t\t\t\t\t\t<\/div>\n\t\t\t\t<\/div>\n\t\t<div class=\"elementor-element elementor-element-a5cbd77 e-con-full e-flex e-con e-child\" data-id=\"a5cbd77\" data-element_type=\"container\" data-e-type=\"container\">\n\t\t\t\t<div class=\"elementor-element elementor-element-cb49700 elementor-widget elementor-widget-image\" data-id=\"cb49700\" data-element_type=\"widget\" data-e-type=\"widget\" data-widget_type=\"image.default\">\n\t\t\t\t\t\t\t\t\t\t\t\t\t\t\t<img decoding=\"async\" width=\"800\" height=\"598\" src=\"https:\/\/basbarcelona.com\/wp-content\/uploads\/2026\/03\/casal-de-verano-ceramica-barcelona-1024x766.jpg\" class=\"attachment-large size-large wp-image-13238\" alt=\"casal de verano ceramica barcelona\" srcset=\"https:\/\/basbarcelona.com\/wp-content\/uploads\/2026\/03\/casal-de-verano-ceramica-barcelona-1024x766.jpg 1024w, https:\/\/basbarcelona.com\/wp-content\/uploads\/2026\/03\/casal-de-verano-ceramica-barcelona-300x225.jpg 300w, https:\/\/basbarcelona.com\/wp-content\/uploads\/2026\/03\/casal-de-verano-ceramica-barcelona-768x575.jpg 768w, https:\/\/basbarcelona.com\/wp-content\/uploads\/2026\/03\/casal-de-verano-ceramica-barcelona-16x12.jpg 16w, https:\/\/basbarcelona.com\/wp-content\/uploads\/2026\/03\/casal-de-verano-ceramica-barcelona-600x449.jpg 600w, https:\/\/basbarcelona.com\/wp-content\/uploads\/2026\/03\/casal-de-verano-ceramica-barcelona.jpg 1200w\" sizes=\"(max-width: 800px) 100vw, 800px\" title=\"\">\t\t\t\t\t\t\t\t\t\t\t\t\t\t\t<\/div>\n\t\t\t\t<div class=\"elementor-element elementor-element-df2c751 elementor-widget elementor-widget-spacer\" data-id=\"df2c751\" data-element_type=\"widget\" data-e-type=\"widget\" data-widget_type=\"spacer.default\">\n\t\t\t\t\t\t\t<div class=\"elementor-spacer\">\n\t\t\t<div class=\"elementor-spacer-inner\"><\/div>\n\t\t<\/div>\n\t\t\t\t\t\t<\/div>\n\t\t\t\t<div class=\"elementor-element elementor-element-17caf60 elementor-widget elementor-widget-heading\" data-id=\"17caf60\" data-element_type=\"widget\" data-e-type=\"widget\" data-widget_type=\"heading.default\">\n\t\t\t\t\t<h2 class=\"elementor-heading-title elementor-size-default\">\u00bfTe gustar\u00eda reservar una plaza o saber m\u00e1s?<\/h2>\t\t\t\t<\/div>\n\t\t\t\t<div class=\"elementor-element elementor-element-ca8df19 elementor-button-align-stretch elementor-widget elementor-widget-form\" data-id=\"ca8df19\" data-element_type=\"widget\" data-e-type=\"widget\" data-settings=\"{&quot;step_next_label&quot;:&quot;Next&quot;,&quot;step_previous_label&quot;:&quot;Previous&quot;,&quot;button_width&quot;:&quot;100&quot;,&quot;step_type&quot;:&quot;number_text&quot;,&quot;step_icon_shape&quot;:&quot;circle&quot;}\" data-widget_type=\"form.default\">\n\t\t\t\t\t\t\t<form class=\"elementor-form\" method=\"post\" name=\"Cursos\" aria-label=\"Cursos\">\n\t\t\t<input type=\"hidden\" name=\"post_id\" value=\"2290\"\/>\n\t\t\t<input type=\"hidden\" name=\"form_id\" value=\"ca8df19\"\/>\n\t\t\t<input type=\"hidden\" name=\"referer_title\" value=\"Casal De Verano De Cer\u00e1mica En Barcelona - Bas\" \/>\n\n\t\t\t\t\t\t\t<input type=\"hidden\" name=\"queried_id\" value=\"2290\"\/>\n\t\t\t\n\t\t\t<div class=\"elementor-form-fields-wrapper elementor-labels-above\">\n\t\t\t\t\t\t\t\t<div class=\"elementor-field-type-text elementor-field-group elementor-column elementor-field-group-name elementor-col-100\">\n\t\t\t\t\t\t\t\t\t\t\t\t\t<input size=\"1\" type=\"text\" name=\"form_fields[name]\" id=\"form-field-name\" class=\"elementor-field elementor-size-sm  elementor-field-textual\" placeholder=\"Nombre\">\n\t\t\t\t\t\t\t\t\t\t\t<\/div>\n\t\t\t\t\t\t\t\t<div class=\"elementor-field-type-email elementor-field-group elementor-column elementor-field-group-email elementor-col-100 elementor-field-required\">\n\t\t\t\t\t\t\t\t\t\t\t\t\t<input size=\"1\" type=\"email\" name=\"form_fields[email]\" id=\"form-field-email\" class=\"elementor-field elementor-size-sm  elementor-field-textual\" placeholder=\"Email\" required=\"required\">\n\t\t\t\t\t\t\t\t\t\t\t<\/div>\n\t\t\t\t\t\t\t\t<div class=\"elementor-field-type-text elementor-field-group elementor-column elementor-field-group-field_e1f93a1 elementor-col-100\">\n\t\t\t\t\t\t\t\t\t\t\t\t\t<input size=\"1\" type=\"text\" name=\"form_fields[field_e1f93a1]\" id=\"form-field-field_e1f93a1\" class=\"elementor-field elementor-size-sm  elementor-field-textual\" placeholder=\"Asunto\">\n\t\t\t\t\t\t\t\t\t\t\t<\/div>\n\t\t\t\t\t\t\t\t<div class=\"elementor-field-type-textarea elementor-field-group elementor-column elementor-field-group-message elementor-col-100\">\n\t\t\t\t\t<textarea class=\"elementor-field-textual elementor-field  elementor-size-sm\" name=\"form_fields[message]\" id=\"form-field-message\" rows=\"4\" placeholder=\"Mensaje\"><\/textarea>\t\t\t\t<\/div>\n\t\t\t\t\t\t\t\t<div class=\"elementor-field-group elementor-column elementor-field-type-submit elementor-col-100 e-form__buttons\">\n\t\t\t\t\t<button class=\"elementor-button elementor-size-sm\" type=\"submit\">\n\t\t\t\t\t\t<span class=\"elementor-button-content-wrapper\">\n\t\t\t\t\t\t\t\t\t\t\t\t\t\t\t\t\t\t\t\t\t\t<span class=\"elementor-button-text\">Enviar<\/span>\n\t\t\t\t\t\t\t\t\t\t\t\t\t<\/span>\n\t\t\t\t\t<\/button>\n\t\t\t\t<\/div>\n\t\t\t<\/div>\n\t\t<\/form>\n\t\t\t\t\t\t<\/div>\n\t\t\t\t<\/div>\n\t\t\t\t\t<\/div>\n\t\t\t\t<\/div>\n\t\t\t\t<\/div>\n\t\t","protected":false},"excerpt":{"rendered":"<p>Casal de Verano de cer\u00e1mica en Barcelona 2026 \u00a1Hola!Soy X\u00e8nia Bas, ceramista de profesi\u00f3n y vocaci\u00f3n. La cer\u00e1mica es mi gran pasi\u00f3n, y una parte fundamental de mi trabajo es compartirla con peque\u00f1os y j\u00f3venes. Por eso, en verano abro las puertas de mi taller en Barcelona para ofrecer clases de cer\u00e1mica para ni\u00f1os y [&hellip;]<\/p>\n","protected":false},"author":1,"featured_media":11089,"parent":0,"menu_order":0,"comment_status":"closed","ping_status":"closed","template":"","meta":{"footnotes":""},"class_list":["post-2290","page","type-page","status-publish","has-post-thumbnail","hentry"],"_links":{"self":[{"href":"https:\/\/basbarcelona.com\/es\/wp-json\/wp\/v2\/pages\/2290","targetHints":{"allow":["GET"]}}],"collection":[{"href":"https:\/\/basbarcelona.com\/es\/wp-json\/wp\/v2\/pages"}],"about":[{"href":"https:\/\/basbarcelona.com\/es\/wp-json\/wp\/v2\/types\/page"}],"author":[{"embeddable":true,"href":"https:\/\/basbarcelona.com\/es\/wp-json\/wp\/v2\/users\/1"}],"replies":[{"embeddable":true,"href":"https:\/\/basbarcelona.com\/es\/wp-json\/wp\/v2\/comments?post=2290"}],"version-history":[{"count":6,"href":"https:\/\/basbarcelona.com\/es\/wp-json\/wp\/v2\/pages\/2290\/revisions"}],"predecessor-version":[{"id":13286,"href":"https:\/\/basbarcelona.com\/es\/wp-json\/wp\/v2\/pages\/2290\/revisions\/13286"}],"wp:featuredmedia":[{"embeddable":true,"href":"https:\/\/basbarcelona.com\/es\/wp-json\/wp\/v2\/media\/11089"}],"wp:attachment":[{"href":"https:\/\/basbarcelona.com\/es\/wp-json\/wp\/v2\/media?parent=2290"}],"curies":[{"name":"wp","href":"https:\/\/api.w.org\/{rel}","templated":true}]}}