{"id":11449,"date":"2025-11-27T21:57:57","date_gmt":"2025-11-27T20:57:57","guid":{"rendered":"https:\/\/basbarcelona.com\/?page_id=11449"},"modified":"2026-03-18T12:07:49","modified_gmt":"2026-03-18T11:07:49","slug":"curso-torno-ceramica-barcelona","status":"publish","type":"page","link":"https:\/\/basbarcelona.com\/es\/curso-torno-ceramica-barcelona\/","title":{"rendered":"Curso Intensivo de Torno de Cer\u00e1mica en Barcelona"},"content":{"rendered":"\t\t<div data-elementor-type=\"wp-page\" data-elementor-id=\"11449\" class=\"elementor elementor-11449\" data-elementor-post-type=\"page\">\n\t\t\t\t<div class=\"elementor-element elementor-element-ebe370c e-con-full e-grid e-con e-parent\" data-id=\"ebe370c\" data-element_type=\"container\" data-e-type=\"container\">\n\t\t<div class=\"elementor-element elementor-element-0ed9ac0 e-con-full e-flex e-con e-child\" data-id=\"0ed9ac0\" data-element_type=\"container\" data-e-type=\"container\">\n\t\t\t\t<div class=\"elementor-element elementor-element-c35a3df elementor-widget-tablet__width-initial elementor-widget elementor-widget-heading\" data-id=\"c35a3df\" data-element_type=\"widget\" data-e-type=\"widget\" data-widget_type=\"heading.default\">\n\t\t\t\t\t<h1 class=\"elementor-heading-title elementor-size-default\">Curso Intensivo de Torno de cer\u00e1mica en Barcelona 2026<\/h1>\t\t\t\t<\/div>\n\t\t\t\t<div class=\"elementor-element elementor-element-b789621 elementor-widget__width-initial elementor-widget elementor-widget-text-editor\" data-id=\"b789621\" data-element_type=\"widget\" data-e-type=\"widget\" data-widget_type=\"text-editor.default\">\n\t\t\t\t\t\t\t\t\t<div class=\"vc_col-sm-6 wpb_column column_container col custom-padding color-dark\" data-animation=\"\" data-delay=\"\"><div class=\"wpb_wrapper\"><p>Me llamo X\u00e8nia Bas y realizo este <strong>curso de Torno de cer\u00e1mica en Barcelona<\/strong>, soy ceramista profesional y la cer\u00e1mica es mi pasi\u00f3n.<\/p><p>Este es un curso intensivo de fin de semana en el que podr\u00e1s iniciarte y desenvolverte de forma eficaz entendiendo la base de este arte.<\/p><p>Si ya tienes conocimientos con el torno pero quieres mejorar la t\u00e9cnica, este tambi\u00e9n es tu curso.<\/p><p>Solo son 4 plazas, por lo que es un curso lo m\u00e1s personalizado posible.<\/p><\/div><div class=\"wpb_wrapper\"><div class=\"wpb_text_column wpb_content_element \"><div class=\"wpb_wrapper\"><div class=\"descripcion\"><h3><strong>Pr\u00f3ximos fines de semana programados:<\/strong><\/h3><p><strong>S\u00e1bado 14 y Domingo 15 de Febrero de 10h a 14h. <\/strong><del><span style=\"color: #ff6600;\"><strong>Completo<\/strong><\/span><\/del><\/p><p><strong>S\u00e1bado 7 y Domingo 8 de Marzo de 10h a 14h. <\/strong><del><span style=\"color: #ff6600;\"><strong>Completo<\/strong><\/span><\/del><\/p><p><strong>S\u00e1bado 14 y Domingo 15 de Marzo de 10h a 14h.\u00a0<\/strong><del><span style=\"color: #ff6600;\"><strong>Completo<\/strong><\/span><\/del><\/p><p><strong>S\u00e1bado 28 y Domingo 29 de Marzo de 10h a 14h. <\/strong><span style=\"color: #ff6600;\"><strong>Completo<\/strong><\/span><\/p><p><strong>S\u00e1bado 25 y Domingo 26 de Abril de 10h a 14h. <\/strong><span style=\"color: #339966;\"><strong>Quedan 3 plazas<\/strong><\/span><\/p><p><strong>S\u00e1bado 23 y Domingo 24 de Mayo de 10h a 14h. <span style=\"color: #ff6600;\">Completo<\/span><\/strong><\/p><p><strong>S\u00e1bado 13 y Domingo 14 de Junio de 10h a 14h. <span style=\"color: #339966;\">Plazas disponibles<\/span><\/strong><\/p><p><strong>S\u00e1bado 27 y Domingo 28 de Junio de 10h a 14h. <span style=\"color: #339966;\">Plazas disponibles<\/span><\/strong><\/p><p><strong>Precio fin de semana:<\/strong> 150 \u20ac<\/p><p>El precio incluye todo el material y \u00a0herramientas necesarias.<\/p><p><strong>Docente:<\/strong>\u00a0 X\u00e8nia Bas<\/p><\/div><\/div><\/div><\/div><\/div>\t\t\t\t\t\t\t\t<\/div>\n\t\t\t\t<\/div>\n\t\t<div class=\"elementor-element elementor-element-3dffa33 e-con-full e-flex e-con e-child\" data-id=\"3dffa33\" data-element_type=\"container\" data-e-type=\"container\">\n\t\t\t\t<div class=\"elementor-element elementor-element-ffc9486 elementor-widget elementor-widget-image\" data-id=\"ffc9486\" data-element_type=\"widget\" data-e-type=\"widget\" data-widget_type=\"image.default\">\n\t\t\t\t\t\t\t\t\t\t\t\t\t\t\t<img fetchpriority=\"high\" decoding=\"async\" width=\"900\" height=\"674\" src=\"https:\/\/basbarcelona.com\/wp-content\/uploads\/2023\/02\/curso-de-torno-en-barcelona.jpg\" class=\"attachment-full size-full wp-image-8813\" alt=\"curso de torno de ceramica en barcelona\" srcset=\"https:\/\/basbarcelona.com\/wp-content\/uploads\/2023\/02\/curso-de-torno-en-barcelona.jpg 900w, https:\/\/basbarcelona.com\/wp-content\/uploads\/2023\/02\/curso-de-torno-en-barcelona-300x225.jpg 300w, https:\/\/basbarcelona.com\/wp-content\/uploads\/2023\/02\/curso-de-torno-en-barcelona-768x575.jpg 768w, https:\/\/basbarcelona.com\/wp-content\/uploads\/2023\/02\/curso-de-torno-en-barcelona-600x449.jpg 600w\" sizes=\"(max-width: 900px) 100vw, 900px\" title=\"\">\t\t\t\t\t\t\t\t\t\t\t\t\t\t\t<\/div>\n\t\t\t\t<div class=\"elementor-element elementor-element-1cee4fb elementor-widget elementor-widget-heading\" data-id=\"1cee4fb\" data-element_type=\"widget\" data-e-type=\"widget\" data-widget_type=\"heading.default\">\n\t\t\t\t\t<h2 class=\"elementor-heading-title elementor-size-default\">Si quieres inscribirte ya ponte en contacto conmigo<\/h2>\t\t\t\t<\/div>\n\t\t\t\t<div class=\"elementor-element elementor-element-000bbe4 elementor-widget__width-auto elementor-button-align-stretch elementor-widget elementor-widget-form\" data-id=\"000bbe4\" data-element_type=\"widget\" data-e-type=\"widget\" data-settings=\"{&quot;step_next_label&quot;:&quot;Next&quot;,&quot;step_previous_label&quot;:&quot;Previous&quot;,&quot;button_width&quot;:&quot;100&quot;,&quot;step_type&quot;:&quot;number_text&quot;,&quot;step_icon_shape&quot;:&quot;circle&quot;}\" data-widget_type=\"form.default\">\n\t\t\t\t\t\t\t<form class=\"elementor-form\" method=\"post\" name=\"Cursos\" aria-label=\"Cursos\">\n\t\t\t<input type=\"hidden\" name=\"post_id\" value=\"11449\"\/>\n\t\t\t<input type=\"hidden\" name=\"form_id\" value=\"000bbe4\"\/>\n\t\t\t<input type=\"hidden\" name=\"referer_title\" value=\"Curso Intensivo Torno De Cer\u00e1mica En Barcelona - Taller Bas\" \/>\n\n\t\t\t\t\t\t\t<input type=\"hidden\" name=\"queried_id\" value=\"11449\"\/>\n\t\t\t\n\t\t\t<div class=\"elementor-form-fields-wrapper elementor-labels-above\">\n\t\t\t\t\t\t\t\t<div class=\"elementor-field-type-text elementor-field-group elementor-column elementor-field-group-name elementor-col-100\">\n\t\t\t\t\t\t\t\t\t\t\t\t\t<input size=\"1\" type=\"text\" name=\"form_fields[name]\" id=\"form-field-name\" class=\"elementor-field elementor-size-sm  elementor-field-textual\" placeholder=\"Nombre\">\n\t\t\t\t\t\t\t\t\t\t\t<\/div>\n\t\t\t\t\t\t\t\t<div class=\"elementor-field-type-email elementor-field-group elementor-column elementor-field-group-email elementor-col-100 elementor-field-required\">\n\t\t\t\t\t\t\t\t\t\t\t\t\t<input size=\"1\" type=\"email\" name=\"form_fields[email]\" id=\"form-field-email\" class=\"elementor-field elementor-size-sm  elementor-field-textual\" placeholder=\"Email\" required=\"required\">\n\t\t\t\t\t\t\t\t\t\t\t<\/div>\n\t\t\t\t\t\t\t\t<div class=\"elementor-field-type-text elementor-field-group elementor-column elementor-field-group-field_e1f93a1 elementor-col-100\">\n\t\t\t\t\t\t\t\t\t\t\t\t\t<input size=\"1\" type=\"text\" name=\"form_fields[field_e1f93a1]\" id=\"form-field-field_e1f93a1\" class=\"elementor-field elementor-size-sm  elementor-field-textual\" placeholder=\"Asunto\">\n\t\t\t\t\t\t\t\t\t\t\t<\/div>\n\t\t\t\t\t\t\t\t<div class=\"elementor-field-type-textarea elementor-field-group elementor-column elementor-field-group-message elementor-col-100\">\n\t\t\t\t\t<textarea class=\"elementor-field-textual elementor-field  elementor-size-sm\" name=\"form_fields[message]\" id=\"form-field-message\" rows=\"4\" placeholder=\"Mensaje\"><\/textarea>\t\t\t\t<\/div>\n\t\t\t\t\t\t\t\t<div class=\"elementor-field-group elementor-column elementor-field-type-submit elementor-col-100 e-form__buttons\">\n\t\t\t\t\t<button class=\"elementor-button elementor-size-sm\" type=\"submit\">\n\t\t\t\t\t\t<span class=\"elementor-button-content-wrapper\">\n\t\t\t\t\t\t\t\t\t\t\t\t\t\t\t\t\t\t\t\t\t\t<span class=\"elementor-button-text\">Enviar<\/span>\n\t\t\t\t\t\t\t\t\t\t\t\t\t<\/span>\n\t\t\t\t\t<\/button>\n\t\t\t\t<\/div>\n\t\t\t<\/div>\n\t\t<\/form>\n\t\t\t\t\t\t<\/div>\n\t\t\t\t<\/div>\n\t\t\t\t<\/div>\n\t\t<div class=\"elementor-element elementor-element-undefined-12695e7 e-flex e-con-boxed e-con e-parent\" data-id=\"undefined-12695e7\" data-element_type=\"container\" data-e-type=\"container\" data-settings=\"{&quot;background_background&quot;:&quot;classic&quot;}\">\n\t\t\t\t\t<div class=\"e-con-inner\">\n\t\t<div class=\"elementor-element elementor-element-undefined-70d284d e-flex e-con-boxed e-con e-child\" data-id=\"undefined-70d284d\" data-element_type=\"container\" data-e-type=\"container\">\n\t\t\t\t\t<div class=\"e-con-inner\">\n\t\t\t\t<div class=\"elementor-element elementor-element-undefined-9596d72 elementor-cta--mobile-layout-image-above elementor-cta--skin-classic elementor-animated-content elementor-widget elementor-widget-call-to-action\" data-id=\"undefined-9596d72\" data-element_type=\"widget\" data-e-type=\"widget\" data-widget_type=\"call-to-action.default\">\n\t\t\t\t\t\t\t<a class=\"elementor-cta\" href=\"https:\/\/basbarcelona.com\/es\/cursos-de-ceramica\/\">\n\t\t\t\t\t\t\t<div class=\"elementor-cta__content\">\n\t\t\t\t\n\t\t\t\t\t\t\t\t\t<h2 class=\"elementor-cta__title elementor-cta__content-item elementor-content-item\">\n\t\t\t\t\t\tDescubre Nuestros Cursos de Cer\u00e1mica\t\t\t\t\t<\/h2>\n\t\t\t\t\n\t\t\t\t\t\t\t\t\t<div class=\"elementor-cta__description elementor-cta__content-item elementor-content-item\">\n\t\t\t\t\t\tExplora nuestros cursos pr\u00e1cticos de cer\u00e1mica, dise\u00f1ados para todos los niveles. Aprende t\u00e9cnicas profesionales y crea tus propias obras maestras.\t\t\t\t\t<\/div>\n\t\t\t\t\n\t\t\t\t\t\t\t\t\t<div class=\"elementor-cta__button-wrapper elementor-cta__content-item elementor-content-item \">\n\t\t\t\t\t<span class=\"elementor-cta__button elementor-button elementor-size-md\">\n\t\t\t\t\t\tVer Cursos\t\t\t\t\t<\/span>\n\t\t\t\t\t<\/div>\n\t\t\t\t\t\t\t<\/div>\n\t\t\t\t\t\t<\/a>\n\t\t\t\t\t\t<\/div>\n\t\t\t\t\t<\/div>\n\t\t\t\t<\/div>\n\t\t<div class=\"elementor-element elementor-element-undefined-cb00929 e-con-full e-flex e-con e-child\" data-id=\"undefined-cb00929\" data-element_type=\"container\" data-e-type=\"container\">\n\t\t\t\t<div class=\"elementor-element elementor-element-undefined-26b97b0 elementor-widget elementor-widget-image\" data-id=\"undefined-26b97b0\" data-element_type=\"widget\" data-e-type=\"widget\" data-widget_type=\"image.default\">\n\t\t\t\t\t\t\t\t\t\t\t\t\t\t\t\t<a href=\"https:\/\/basbarcelona.com\/es\/cursos-de-ceramica\/\">\n\t\t\t\t\t\t\t<img decoding=\"async\" width=\"800\" height=\"480\" src=\"https:\/\/basbarcelona.com\/wp-content\/uploads\/2023\/03\/Curso-de-ceramica-bas.jpg\" class=\"attachment-large size-large wp-image-9090\" alt=\"curso de ceramica bas\" srcset=\"https:\/\/basbarcelona.com\/wp-content\/uploads\/2023\/03\/Curso-de-ceramica-bas.jpg 900w, https:\/\/basbarcelona.com\/wp-content\/uploads\/2023\/03\/Curso-de-ceramica-bas-300x180.jpg 300w, https:\/\/basbarcelona.com\/wp-content\/uploads\/2023\/03\/Curso-de-ceramica-bas-768x461.jpg 768w, https:\/\/basbarcelona.com\/wp-content\/uploads\/2023\/03\/Curso-de-ceramica-bas-600x360.jpg 600w\" sizes=\"(max-width: 800px) 100vw, 800px\" title=\"\">\t\t\t\t\t\t\t\t<\/a>\n\t\t\t\t\t\t\t\t\t\t\t\t\t\t\t<\/div>\n\t\t\t\t<div class=\"elementor-element elementor-element-undefined-ccf0a6c elementor-widget elementor-widget-image\" data-id=\"undefined-ccf0a6c\" data-element_type=\"widget\" data-e-type=\"widget\" data-widget_type=\"image.default\">\n\t\t\t\t\t\t\t\t\t\t\t\t\t\t\t\t<a href=\"https:\/\/basbarcelona.com\/es\/cursos-de-ceramica\/\">\n\t\t\t\t\t\t\t<img decoding=\"async\" width=\"800\" height=\"576\" src=\"https:\/\/basbarcelona.com\/wp-content\/uploads\/2024\/12\/TARJETA-REGALO-CURSO-DE-CERAMICA-1024x737.jpg\" class=\"attachment-large size-large wp-image-10696\" alt=\"\" srcset=\"https:\/\/basbarcelona.com\/wp-content\/uploads\/2024\/12\/TARJETA-REGALO-CURSO-DE-CERAMICA.jpg 1024w, https:\/\/basbarcelona.com\/wp-content\/uploads\/2024\/12\/TARJETA-REGALO-CURSO-DE-CERAMICA-300x216.jpg 300w, https:\/\/basbarcelona.com\/wp-content\/uploads\/2024\/12\/TARJETA-REGALO-CURSO-DE-CERAMICA-768x552.jpg 768w, https:\/\/basbarcelona.com\/wp-content\/uploads\/2024\/12\/TARJETA-REGALO-CURSO-DE-CERAMICA-18x12.jpg 18w, https:\/\/basbarcelona.com\/wp-content\/uploads\/2024\/12\/TARJETA-REGALO-CURSO-DE-CERAMICA-600x432.jpg 600w\" sizes=\"(max-width: 800px) 100vw, 800px\" title=\"\">\t\t\t\t\t\t\t\t<\/a>\n\t\t\t\t\t\t\t\t\t\t\t\t\t\t\t<\/div>\n\t\t\t\t<\/div>\n\t\t<div class=\"elementor-element elementor-element-undefined-7fe943a e-con-full e-flex e-con e-child\" data-id=\"undefined-7fe943a\" data-element_type=\"container\" data-e-type=\"container\">\n\t\t\t\t<div class=\"elementor-element elementor-element-undefined-4d76888 elementor-widget elementor-widget-image\" data-id=\"undefined-4d76888\" data-element_type=\"widget\" data-e-type=\"widget\" data-widget_type=\"image.default\">\n\t\t\t\t\t\t\t\t\t\t\t\t\t\t\t\t<a href=\"https:\/\/basbarcelona.com\/es\/cursos-de-ceramica\/\">\n\t\t\t\t\t\t\t<img loading=\"lazy\" decoding=\"async\" width=\"800\" height=\"576\" src=\"https:\/\/basbarcelona.com\/wp-content\/uploads\/2024\/12\/Tarjeta-regalo-curso-torno-1024x737.jpg\" class=\"attachment-large size-large wp-image-10755\" alt=\"tarjeta regalo curso torno de ceramica\" srcset=\"https:\/\/basbarcelona.com\/wp-content\/uploads\/2024\/12\/Tarjeta-regalo-curso-torno.jpg 1024w, https:\/\/basbarcelona.com\/wp-content\/uploads\/2024\/12\/Tarjeta-regalo-curso-torno-300x216.jpg 300w, https:\/\/basbarcelona.com\/wp-content\/uploads\/2024\/12\/Tarjeta-regalo-curso-torno-768x552.jpg 768w, https:\/\/basbarcelona.com\/wp-content\/uploads\/2024\/12\/Tarjeta-regalo-curso-torno-18x12.jpg 18w, https:\/\/basbarcelona.com\/wp-content\/uploads\/2024\/12\/Tarjeta-regalo-curso-torno-600x432.jpg 600w\" sizes=\"(max-width: 800px) 100vw, 800px\" title=\"\">\t\t\t\t\t\t\t\t<\/a>\n\t\t\t\t\t\t\t\t\t\t\t\t\t\t\t<\/div>\n\t\t\t\t<div class=\"elementor-element elementor-element-undefined-92f6e6a elementor-widget elementor-widget-image\" data-id=\"undefined-92f6e6a\" data-element_type=\"widget\" data-e-type=\"widget\" data-widget_type=\"image.default\">\n\t\t\t\t\t\t\t\t\t\t\t\t\t\t\t\t<a href=\"https:\/\/basbarcelona.com\/es\/cursos-de-ceramica\/\">\n\t\t\t\t\t\t\t<img loading=\"lazy\" decoding=\"async\" width=\"800\" height=\"534\" src=\"https:\/\/basbarcelona.com\/wp-content\/uploads\/2021\/05\/Xe\u0300nia-Bas-IMG_4878-1024x683.jpeg\" class=\"attachment-large size-large wp-image-4132\" alt=\"Curso de Moldes\" srcset=\"https:\/\/basbarcelona.com\/wp-content\/uploads\/2021\/05\/Xe\u0300nia-Bas-IMG_4878.jpeg 1024w, https:\/\/basbarcelona.com\/wp-content\/uploads\/2021\/05\/Xe\u0300nia-Bas-IMG_4878-300x200.jpeg 300w, https:\/\/basbarcelona.com\/wp-content\/uploads\/2021\/05\/Xe\u0300nia-Bas-IMG_4878-768x512.jpeg 768w, https:\/\/basbarcelona.com\/wp-content\/uploads\/2021\/05\/Xe\u0300nia-Bas-IMG_4878-1536x1024.jpeg 1536w, https:\/\/basbarcelona.com\/wp-content\/uploads\/2021\/05\/Xe\u0300nia-Bas-IMG_4878-2048x1365.jpeg 2048w, https:\/\/basbarcelona.com\/wp-content\/uploads\/2021\/05\/Xe\u0300nia-Bas-IMG_4878-600x400.jpeg 600w\" sizes=\"(max-width: 800px) 100vw, 800px\" title=\"\">\t\t\t\t\t\t\t\t<\/a>\n\t\t\t\t\t\t\t\t\t\t\t\t\t\t\t<\/div>\n\t\t\t\t<\/div>\n\t\t\t\t\t<\/div>\n\t\t\t\t<\/div>\n\t\t\t\t<\/div>\n\t\t","protected":false},"excerpt":{"rendered":"<p>\u00bfTe apasiona la cer\u00e1mica y quieres aprender a manejar el torno? \u00danete a nuestro Curso Intensivo de Torno de cer\u00e1mica en Barcelona, impartido por la ceramista profesional X\u00e8nia Bas. Este curso de fin de semana est\u00e1 dise\u00f1ado tanto para principiantes como para aquellos que desean perfeccionar su t\u00e9cnica. Son clases con grupos reducidos con lo que disfrutar\u00e1s de una experiencia personalizada y enriquecedora. No te pierdas la oportunidad de explorar tu creatividad y crear tus propias piezas.<\/p>\n","protected":false},"author":1,"featured_media":8812,"parent":0,"menu_order":0,"comment_status":"closed","ping_status":"closed","template":"","meta":{"footnotes":""},"class_list":["post-11449","page","type-page","status-publish","has-post-thumbnail","hentry"],"_links":{"self":[{"href":"https:\/\/basbarcelona.com\/es\/wp-json\/wp\/v2\/pages\/11449","targetHints":{"allow":["GET"]}}],"collection":[{"href":"https:\/\/basbarcelona.com\/es\/wp-json\/wp\/v2\/pages"}],"about":[{"href":"https:\/\/basbarcelona.com\/es\/wp-json\/wp\/v2\/types\/page"}],"author":[{"embeddable":true,"href":"https:\/\/basbarcelona.com\/es\/wp-json\/wp\/v2\/users\/1"}],"replies":[{"embeddable":true,"href":"https:\/\/basbarcelona.com\/es\/wp-json\/wp\/v2\/comments?post=11449"}],"version-history":[{"count":33,"href":"https:\/\/basbarcelona.com\/es\/wp-json\/wp\/v2\/pages\/11449\/revisions"}],"predecessor-version":[{"id":13067,"href":"https:\/\/basbarcelona.com\/es\/wp-json\/wp\/v2\/pages\/11449\/revisions\/13067"}],"wp:featuredmedia":[{"embeddable":true,"href":"https:\/\/basbarcelona.com\/es\/wp-json\/wp\/v2\/media\/8812"}],"wp:attachment":[{"href":"https:\/\/basbarcelona.com\/es\/wp-json\/wp\/v2\/media?parent=11449"}],"curies":[{"name":"wp","href":"https:\/\/api.w.org\/{rel}","templated":true}]}}