{"id":11157,"date":"2025-06-17T14:26:52","date_gmt":"2025-06-17T12:26:52","guid":{"rendered":"https:\/\/basbarcelona.com\/?page_id=11157"},"modified":"2026-03-14T12:18:28","modified_gmt":"2026-03-14T11:18:28","slug":"curso-de-ceramica-en-barcelona","status":"publish","type":"page","link":"https:\/\/basbarcelona.com\/es\/curso-de-ceramica-en-barcelona\/","title":{"rendered":"Curso de Cer\u00e1mica en Barcelona 2026"},"content":{"rendered":"\t\t<div data-elementor-type=\"wp-page\" data-elementor-id=\"11157\" class=\"elementor elementor-11157\" data-elementor-post-type=\"page\">\n\t\t\t\t<div class=\"elementor-element elementor-element-0c9bac6 e-con-full e-flex e-con e-parent\" data-id=\"0c9bac6\" data-element_type=\"container\" data-e-type=\"container\">\n\t\t\t\t<div class=\"elementor-element elementor-element-6606a9d elementor-widget elementor-widget-image\" data-id=\"6606a9d\" data-element_type=\"widget\" data-e-type=\"widget\" data-widget_type=\"image.default\">\n\t\t\t\t\t\t\t\t\t\t\t\t\t\t\t<img fetchpriority=\"high\" decoding=\"async\" width=\"300\" height=\"300\" src=\"https:\/\/basbarcelona.com\/wp-content\/uploads\/2021\/07\/cropped-Logo-bas-text-bo-300x300.png\" class=\"attachment-medium size-medium wp-image-5234\" alt=\"\" srcset=\"https:\/\/basbarcelona.com\/wp-content\/uploads\/2021\/07\/cropped-Logo-bas-text-bo-300x300.png 300w, https:\/\/basbarcelona.com\/wp-content\/uploads\/2021\/07\/cropped-Logo-bas-text-bo-150x150.png 150w, https:\/\/basbarcelona.com\/wp-content\/uploads\/2021\/07\/cropped-Logo-bas-text-bo-500x500.png 500w, https:\/\/basbarcelona.com\/wp-content\/uploads\/2021\/07\/cropped-Logo-bas-text-bo-100x100.png 100w, https:\/\/basbarcelona.com\/wp-content\/uploads\/2021\/07\/cropped-Logo-bas-text-bo-270x270.png 270w, https:\/\/basbarcelona.com\/wp-content\/uploads\/2021\/07\/cropped-Logo-bas-text-bo-192x192.png 192w, https:\/\/basbarcelona.com\/wp-content\/uploads\/2021\/07\/cropped-Logo-bas-text-bo-180x180.png 180w, https:\/\/basbarcelona.com\/wp-content\/uploads\/2021\/07\/cropped-Logo-bas-text-bo-32x32.png 32w, https:\/\/basbarcelona.com\/wp-content\/uploads\/2021\/07\/cropped-Logo-bas-text-bo.png 512w\" sizes=\"(max-width: 300px) 100vw, 300px\" title=\"\">\t\t\t\t\t\t\t\t\t\t\t\t\t\t\t<\/div>\n\t\t\t\t<div class=\"elementor-element elementor-element-633800e elementor-widget__width-inherit elementor-widget elementor-widget-heading\" data-id=\"633800e\" data-element_type=\"widget\" data-e-type=\"widget\" data-widget_type=\"heading.default\">\n\t\t\t\t\t<h1 class=\"elementor-heading-title elementor-size-default\">Curso de Cer\u00e1mica en Barcelona 2026<\/h1>\t\t\t\t<\/div>\n\t\t\t\t<\/div>\n\t\t<div class=\"elementor-element elementor-element-9007a7e e-grid e-con-boxed e-con e-parent\" data-id=\"9007a7e\" data-element_type=\"container\" data-e-type=\"container\">\n\t\t\t\t\t<div class=\"e-con-inner\">\n\t\t<div class=\"elementor-element elementor-element-e68d14a e-con-full e-flex e-con e-child\" data-id=\"e68d14a\" data-element_type=\"container\" data-e-type=\"container\">\n\t\t\t\t<div class=\"elementor-element elementor-element-1aa49d8 elementor-hidden-desktop elementor-hidden-tablet elementor-widget elementor-widget-image\" data-id=\"1aa49d8\" data-element_type=\"widget\" data-e-type=\"widget\" data-widget_type=\"image.default\">\n\t\t\t\t\t\t\t\t\t\t\t\t\t\t\t<img decoding=\"async\" width=\"1000\" height=\"1000\" src=\"https:\/\/basbarcelona.com\/wp-content\/uploads\/2025\/06\/taller-ceramica-barcelona.jpg\" class=\"attachment-2048x2048 size-2048x2048 wp-image-11168\" alt=\"taller de ceramica en barcelona\" srcset=\"https:\/\/basbarcelona.com\/wp-content\/uploads\/2025\/06\/taller-ceramica-barcelona.jpg 1000w, https:\/\/basbarcelona.com\/wp-content\/uploads\/2025\/06\/taller-ceramica-barcelona-300x300.jpg 300w, https:\/\/basbarcelona.com\/wp-content\/uploads\/2025\/06\/taller-ceramica-barcelona-150x150.jpg 150w, https:\/\/basbarcelona.com\/wp-content\/uploads\/2025\/06\/taller-ceramica-barcelona-768x768.jpg 768w, https:\/\/basbarcelona.com\/wp-content\/uploads\/2025\/06\/taller-ceramica-barcelona-12x12.jpg 12w, https:\/\/basbarcelona.com\/wp-content\/uploads\/2025\/06\/taller-ceramica-barcelona-500x500.jpg 500w, https:\/\/basbarcelona.com\/wp-content\/uploads\/2025\/06\/taller-ceramica-barcelona-600x600.jpg 600w, https:\/\/basbarcelona.com\/wp-content\/uploads\/2025\/06\/taller-ceramica-barcelona-100x100.jpg 100w\" sizes=\"(max-width: 1000px) 100vw, 1000px\" title=\"\">\t\t\t\t\t\t\t\t\t\t\t\t\t\t\t<\/div>\n\t\t\t\t<div class=\"elementor-element elementor-element-f0ba54e elementor-widget elementor-widget-text-editor\" data-id=\"f0ba54e\" data-element_type=\"widget\" data-e-type=\"widget\" data-widget_type=\"text-editor.default\">\n\t\t\t\t\t\t\t\t\t<div class=\"vc_col-sm-6 wpb_column column_container col custom-padding color-dark\" data-animation=\"\" data-delay=\"\"><div class=\"wpb_wrapper\"><p data-start=\"120\" data-end=\"423\"><span class=\"_fadeIn_m1hgl_8\">Me llamo X\u00e8nia y realizo este curso de cer\u00e1mica en barcelona, soy ceramista y la cer\u00e1mica es mi pasi\u00f3n y mi profesi\u00f3n.<\/span><\/p><p data-start=\"120\" data-end=\"423\">Creo que trabajar con la arcilla tiene un gran potencial para desarrollar muchas habilidades y que cualquiera que se proponga aprender este oficio, con perseverancia y dedicaci\u00f3n, lo puede conseguir y disfrutar.<\/p><p data-start=\"120\" data-end=\"423\">Unos d\u00edas a la semana abro mi taller para ense\u00f1ar y compartir mi experiencia.<\/p><p data-start=\"120\" data-end=\"423\">En el taller trabajamos desde las t\u00e9cnicas m\u00e1s b\u00e1sicas de construcci\u00f3n manual, pasando por el torno y diferentes acabados.<\/p><p data-start=\"120\" data-end=\"423\">Si nunca has trabajado con cer\u00e1mica podr\u00e1s empezar desde cero y si ya tienes conocimientos podr\u00e1s seguir ampli\u00e1ndolos.<\/p><p data-start=\"120\" data-end=\"423\">No hace falta tener conocimientos previos en cer\u00e1mica, trabajamos al ritmo de cada uno.<\/p><h3 data-start=\"425\" data-end=\"454\"><strong><span class=\"_fadeIn_m1hgl_8\">Horarios de ma\u00f1ana:<\/span><\/strong><\/h3><p data-start=\"456\" data-end=\"615\"><strong>Jueves (2 turnos)<\/strong><\/p><ul data-start=\"617\" data-end=\"964\"><li data-start=\"617\" data-end=\"738\"><p data-start=\"619\" data-end=\"738\"><span class=\"_fadeIn_m1hgl_8\">1er Turno de 10h a 12h.<\/span><\/p><\/li><li data-start=\"617\" data-end=\"738\">2\u00ba Turno de 12:15h a 14:15h<\/li><\/ul><h3 data-start=\"425\" data-end=\"454\"><strong><span class=\"_fadeIn_m1hgl_8\">Horarios de tarde:<\/span><\/strong><\/h3><p data-start=\"1207\" data-end=\"1292\"><strong>Lunes (1 turno): <\/strong>de 19h a 21h<\/p><p data-start=\"1207\" data-end=\"1292\"><strong>Martes, Mi\u00e9rcoles y Jueves (2 turnos):<\/strong><\/p><ul><li data-start=\"1207\" data-end=\"1292\">1er turno de 16:45h a 18:45h.<\/li><li data-start=\"1207\" data-end=\"1292\">2\u00ba turno de 19h a 21h<\/li><\/ul><h3 data-start=\"1294\" data-end=\"1304\"><strong><span class=\"_fadeIn_m1hgl_8\">Precio:<\/span><\/strong><\/h3><p data-start=\"1306\" data-end=\"1416\"><strong data-start=\"1309\" data-end=\"1329\"><span class=\"_fadeIn_m1hgl_8\">110 \u20ac <\/span><\/strong><span class=\"_fadeIn_m1hgl_8\">al mes (4 clases de 2 horas)<\/span><\/p><p data-start=\"1306\" data-end=\"1416\"><strong>Duraci\u00f3n:<\/strong> Todo el a\u00f1o lectivo.<\/p><p data-start=\"1306\" data-end=\"1416\"><strong>Docentes:<\/strong> X\u00e8nia Bas<\/p><\/div><\/div>\t\t\t\t\t\t\t\t<\/div>\n\t\t\t\t<\/div>\n\t\t<div class=\"elementor-element elementor-element-a5cbd77 e-con-full e-flex e-con e-child\" data-id=\"a5cbd77\" data-element_type=\"container\" data-e-type=\"container\">\n\t\t\t\t<div class=\"elementor-element elementor-element-cb49700 elementor-widget elementor-widget-image\" data-id=\"cb49700\" data-element_type=\"widget\" data-e-type=\"widget\" data-widget_type=\"image.default\">\n\t\t\t\t\t\t\t\t\t\t\t\t\t\t\t<img decoding=\"async\" width=\"800\" height=\"600\" src=\"https:\/\/basbarcelona.com\/wp-content\/uploads\/2021\/05\/Curso-de-ceramica-barcelona-1024x768.jpg\" class=\"attachment-large size-large wp-image-4133\" alt=\"curso de ceramica en barcelona\" srcset=\"https:\/\/basbarcelona.com\/wp-content\/uploads\/2021\/05\/Curso-de-ceramica-barcelona.jpg 1024w, https:\/\/basbarcelona.com\/wp-content\/uploads\/2021\/05\/Curso-de-ceramica-barcelona-300x225.jpg 300w, https:\/\/basbarcelona.com\/wp-content\/uploads\/2021\/05\/Curso-de-ceramica-barcelona-768x576.jpg 768w, https:\/\/basbarcelona.com\/wp-content\/uploads\/2021\/05\/Curso-de-ceramica-barcelona-1536x1152.jpg 1536w, https:\/\/basbarcelona.com\/wp-content\/uploads\/2021\/05\/Curso-de-ceramica-barcelona-2048x1536.jpg 2048w, https:\/\/basbarcelona.com\/wp-content\/uploads\/2021\/05\/Curso-de-ceramica-barcelona-600x450.jpg 600w\" sizes=\"(max-width: 800px) 100vw, 800px\" title=\"\">\t\t\t\t\t\t\t\t\t\t\t\t\t\t\t<\/div>\n\t\t\t\t<div class=\"elementor-element elementor-element-df2c751 elementor-widget elementor-widget-spacer\" data-id=\"df2c751\" data-element_type=\"widget\" data-e-type=\"widget\" data-widget_type=\"spacer.default\">\n\t\t\t\t\t\t\t<div class=\"elementor-spacer\">\n\t\t\t<div class=\"elementor-spacer-inner\"><\/div>\n\t\t<\/div>\n\t\t\t\t\t\t<\/div>\n\t\t\t\t<div class=\"elementor-element elementor-element-17caf60 elementor-widget elementor-widget-heading\" data-id=\"17caf60\" data-element_type=\"widget\" data-e-type=\"widget\" data-widget_type=\"heading.default\">\n\t\t\t\t\t<h2 class=\"elementor-heading-title elementor-size-default\">\u00bfTe gustar\u00eda reservar una plaza o saber m\u00e1s?<\/h2>\t\t\t\t<\/div>\n\t\t\t\t<div class=\"elementor-element elementor-element-ca8df19 elementor-button-align-stretch elementor-widget elementor-widget-form\" data-id=\"ca8df19\" data-element_type=\"widget\" data-e-type=\"widget\" data-settings=\"{&quot;step_next_label&quot;:&quot;Next&quot;,&quot;step_previous_label&quot;:&quot;Previous&quot;,&quot;button_width&quot;:&quot;100&quot;,&quot;step_type&quot;:&quot;number_text&quot;,&quot;step_icon_shape&quot;:&quot;circle&quot;}\" data-widget_type=\"form.default\">\n\t\t\t\t\t\t\t<form class=\"elementor-form\" method=\"post\" name=\"Cursos\" aria-label=\"Cursos\">\n\t\t\t<input type=\"hidden\" name=\"post_id\" value=\"11157\"\/>\n\t\t\t<input type=\"hidden\" name=\"form_id\" value=\"ca8df19\"\/>\n\t\t\t<input type=\"hidden\" name=\"referer_title\" value=\"Curso De Cer\u00e1mica En Barcelona 2026 - Bas\" \/>\n\n\t\t\t\t\t\t\t<input type=\"hidden\" name=\"queried_id\" value=\"11157\"\/>\n\t\t\t\n\t\t\t<div class=\"elementor-form-fields-wrapper elementor-labels-above\">\n\t\t\t\t\t\t\t\t<div class=\"elementor-field-type-text elementor-field-group elementor-column elementor-field-group-name elementor-col-100\">\n\t\t\t\t\t\t\t\t\t\t\t\t\t<input size=\"1\" type=\"text\" name=\"form_fields[name]\" id=\"form-field-name\" class=\"elementor-field elementor-size-sm  elementor-field-textual\" placeholder=\"Nombre\">\n\t\t\t\t\t\t\t\t\t\t\t<\/div>\n\t\t\t\t\t\t\t\t<div class=\"elementor-field-type-email elementor-field-group elementor-column elementor-field-group-email elementor-col-100 elementor-field-required\">\n\t\t\t\t\t\t\t\t\t\t\t\t\t<input size=\"1\" type=\"email\" name=\"form_fields[email]\" id=\"form-field-email\" class=\"elementor-field elementor-size-sm  elementor-field-textual\" placeholder=\"Email\" required=\"required\">\n\t\t\t\t\t\t\t\t\t\t\t<\/div>\n\t\t\t\t\t\t\t\t<div class=\"elementor-field-type-text elementor-field-group elementor-column elementor-field-group-field_e1f93a1 elementor-col-100\">\n\t\t\t\t\t\t\t\t\t\t\t\t\t<input size=\"1\" type=\"text\" name=\"form_fields[field_e1f93a1]\" id=\"form-field-field_e1f93a1\" class=\"elementor-field elementor-size-sm  elementor-field-textual\" placeholder=\"Asunto\">\n\t\t\t\t\t\t\t\t\t\t\t<\/div>\n\t\t\t\t\t\t\t\t<div class=\"elementor-field-type-textarea elementor-field-group elementor-column elementor-field-group-message elementor-col-100\">\n\t\t\t\t\t<textarea class=\"elementor-field-textual elementor-field  elementor-size-sm\" name=\"form_fields[message]\" id=\"form-field-message\" rows=\"4\" placeholder=\"Mensaje\"><\/textarea>\t\t\t\t<\/div>\n\t\t\t\t\t\t\t\t<div class=\"elementor-field-group elementor-column elementor-field-type-submit elementor-col-100 e-form__buttons\">\n\t\t\t\t\t<button class=\"elementor-button elementor-size-sm\" type=\"submit\">\n\t\t\t\t\t\t<span class=\"elementor-button-content-wrapper\">\n\t\t\t\t\t\t\t\t\t\t\t\t\t\t\t\t\t\t\t\t\t\t<span class=\"elementor-button-text\">Enviar<\/span>\n\t\t\t\t\t\t\t\t\t\t\t\t\t<\/span>\n\t\t\t\t\t<\/button>\n\t\t\t\t<\/div>\n\t\t\t<\/div>\n\t\t<\/form>\n\t\t\t\t\t\t<\/div>\n\t\t\t\t<\/div>\n\t\t\t\t\t<\/div>\n\t\t\t\t<\/div>\n\t\t<div class=\"elementor-element elementor-element-28c6b3e e-flex e-con-boxed e-con e-parent\" data-id=\"28c6b3e\" data-element_type=\"container\" data-e-type=\"container\" data-settings=\"{&quot;background_background&quot;:&quot;classic&quot;}\">\n\t\t\t\t\t<div class=\"e-con-inner\">\n\t\t<div class=\"elementor-element elementor-element-1df5c65 e-flex e-con-boxed e-con e-child\" data-id=\"1df5c65\" data-element_type=\"container\" data-e-type=\"container\">\n\t\t\t\t\t<div class=\"e-con-inner\">\n\t\t\t\t<div class=\"elementor-element elementor-element-c01c345 elementor-cta--mobile-layout-image-above elementor-cta--skin-classic elementor-animated-content elementor-widget elementor-widget-call-to-action\" data-id=\"c01c345\" data-element_type=\"widget\" data-e-type=\"widget\" data-widget_type=\"call-to-action.default\">\n\t\t\t\t\t\t\t<a class=\"elementor-cta\" href=\"https:\/\/basbarcelona.com\/es\/cursos-de-ceramica\/\">\n\t\t\t\t\t\t\t<div class=\"elementor-cta__content\">\n\t\t\t\t\n\t\t\t\t\t\t\t\t\t<h2 class=\"elementor-cta__title elementor-cta__content-item elementor-content-item\">\n\t\t\t\t\t\tDescubre Nuestros Cursos de Cer\u00e1mica\t\t\t\t\t<\/h2>\n\t\t\t\t\n\t\t\t\t\t\t\t\t\t<div class=\"elementor-cta__description elementor-cta__content-item elementor-content-item\">\n\t\t\t\t\t\tExplora nuestros cursos pr\u00e1cticos de cer\u00e1mica, dise\u00f1ados para todos los niveles. Aprende t\u00e9cnicas profesionales y crea tus propias obras maestras.\t\t\t\t\t<\/div>\n\t\t\t\t\n\t\t\t\t\t\t\t\t\t<div class=\"elementor-cta__button-wrapper elementor-cta__content-item elementor-content-item \">\n\t\t\t\t\t<span class=\"elementor-cta__button elementor-button elementor-size-md\">\n\t\t\t\t\t\tVer Cursos\t\t\t\t\t<\/span>\n\t\t\t\t\t<\/div>\n\t\t\t\t\t\t\t<\/div>\n\t\t\t\t\t\t<\/a>\n\t\t\t\t\t\t<\/div>\n\t\t\t\t\t<\/div>\n\t\t\t\t<\/div>\n\t\t<div class=\"elementor-element elementor-element-ef70874 e-con-full e-flex e-con e-child\" data-id=\"ef70874\" data-element_type=\"container\" data-e-type=\"container\">\n\t\t\t\t<div class=\"elementor-element elementor-element-2663837 elementor-widget elementor-widget-image\" data-id=\"2663837\" data-element_type=\"widget\" data-e-type=\"widget\" data-widget_type=\"image.default\">\n\t\t\t\t\t\t\t\t\t\t\t\t\t\t\t\t<a href=\"https:\/\/basbarcelona.com\/es\/cursos-de-ceramica\/\">\n\t\t\t\t\t\t\t<img loading=\"lazy\" decoding=\"async\" width=\"800\" height=\"480\" src=\"https:\/\/basbarcelona.com\/wp-content\/uploads\/2023\/03\/Curso-de-ceramica-bas.jpg\" class=\"attachment-large size-large wp-image-9090\" alt=\"curso de ceramica bas\" srcset=\"https:\/\/basbarcelona.com\/wp-content\/uploads\/2023\/03\/Curso-de-ceramica-bas.jpg 900w, https:\/\/basbarcelona.com\/wp-content\/uploads\/2023\/03\/Curso-de-ceramica-bas-300x180.jpg 300w, https:\/\/basbarcelona.com\/wp-content\/uploads\/2023\/03\/Curso-de-ceramica-bas-768x461.jpg 768w, https:\/\/basbarcelona.com\/wp-content\/uploads\/2023\/03\/Curso-de-ceramica-bas-600x360.jpg 600w\" sizes=\"(max-width: 800px) 100vw, 800px\" title=\"\">\t\t\t\t\t\t\t\t<\/a>\n\t\t\t\t\t\t\t\t\t\t\t\t\t\t\t<\/div>\n\t\t\t\t<div class=\"elementor-element elementor-element-588d625 elementor-widget elementor-widget-image\" data-id=\"588d625\" data-element_type=\"widget\" data-e-type=\"widget\" data-widget_type=\"image.default\">\n\t\t\t\t\t\t\t\t\t\t\t\t\t\t\t\t<a href=\"https:\/\/basbarcelona.com\/es\/cursos-de-ceramica\/\">\n\t\t\t\t\t\t\t<img loading=\"lazy\" decoding=\"async\" width=\"800\" height=\"576\" src=\"https:\/\/basbarcelona.com\/wp-content\/uploads\/2024\/12\/TARJETA-REGALO-CURSO-DE-CERAMICA-1024x737.jpg\" class=\"attachment-large size-large wp-image-10696\" alt=\"\" srcset=\"https:\/\/basbarcelona.com\/wp-content\/uploads\/2024\/12\/TARJETA-REGALO-CURSO-DE-CERAMICA.jpg 1024w, https:\/\/basbarcelona.com\/wp-content\/uploads\/2024\/12\/TARJETA-REGALO-CURSO-DE-CERAMICA-300x216.jpg 300w, https:\/\/basbarcelona.com\/wp-content\/uploads\/2024\/12\/TARJETA-REGALO-CURSO-DE-CERAMICA-768x552.jpg 768w, https:\/\/basbarcelona.com\/wp-content\/uploads\/2024\/12\/TARJETA-REGALO-CURSO-DE-CERAMICA-18x12.jpg 18w, https:\/\/basbarcelona.com\/wp-content\/uploads\/2024\/12\/TARJETA-REGALO-CURSO-DE-CERAMICA-600x432.jpg 600w\" sizes=\"(max-width: 800px) 100vw, 800px\" title=\"\">\t\t\t\t\t\t\t\t<\/a>\n\t\t\t\t\t\t\t\t\t\t\t\t\t\t\t<\/div>\n\t\t\t\t<\/div>\n\t\t<div class=\"elementor-element elementor-element-e7666db e-con-full e-flex e-con e-child\" data-id=\"e7666db\" data-element_type=\"container\" data-e-type=\"container\">\n\t\t\t\t<div class=\"elementor-element elementor-element-5cee6f3 elementor-widget elementor-widget-image\" data-id=\"5cee6f3\" data-element_type=\"widget\" data-e-type=\"widget\" data-widget_type=\"image.default\">\n\t\t\t\t\t\t\t\t\t\t\t\t\t\t\t\t<a href=\"https:\/\/basbarcelona.com\/es\/cursos-de-ceramica\/\">\n\t\t\t\t\t\t\t<img loading=\"lazy\" decoding=\"async\" width=\"800\" height=\"576\" src=\"https:\/\/basbarcelona.com\/wp-content\/uploads\/2024\/12\/Tarjeta-regalo-curso-torno-1024x737.jpg\" class=\"attachment-large size-large wp-image-10755\" alt=\"tarjeta regalo curso torno de ceramica\" srcset=\"https:\/\/basbarcelona.com\/wp-content\/uploads\/2024\/12\/Tarjeta-regalo-curso-torno.jpg 1024w, https:\/\/basbarcelona.com\/wp-content\/uploads\/2024\/12\/Tarjeta-regalo-curso-torno-300x216.jpg 300w, https:\/\/basbarcelona.com\/wp-content\/uploads\/2024\/12\/Tarjeta-regalo-curso-torno-768x552.jpg 768w, https:\/\/basbarcelona.com\/wp-content\/uploads\/2024\/12\/Tarjeta-regalo-curso-torno-18x12.jpg 18w, https:\/\/basbarcelona.com\/wp-content\/uploads\/2024\/12\/Tarjeta-regalo-curso-torno-600x432.jpg 600w\" sizes=\"(max-width: 800px) 100vw, 800px\" title=\"\">\t\t\t\t\t\t\t\t<\/a>\n\t\t\t\t\t\t\t\t\t\t\t\t\t\t\t<\/div>\n\t\t\t\t<div class=\"elementor-element elementor-element-5763f9e elementor-widget elementor-widget-image\" data-id=\"5763f9e\" data-element_type=\"widget\" data-e-type=\"widget\" data-widget_type=\"image.default\">\n\t\t\t\t\t\t\t\t\t\t\t\t\t\t\t\t<a href=\"https:\/\/basbarcelona.com\/es\/cursos-de-ceramica\/\">\n\t\t\t\t\t\t\t<img loading=\"lazy\" decoding=\"async\" width=\"800\" height=\"534\" src=\"https:\/\/basbarcelona.com\/wp-content\/uploads\/2021\/05\/Xe\u0300nia-Bas-IMG_4878-1024x683.jpeg\" class=\"attachment-large size-large wp-image-4132\" alt=\"Curso de Moldes\" srcset=\"https:\/\/basbarcelona.com\/wp-content\/uploads\/2021\/05\/Xe\u0300nia-Bas-IMG_4878.jpeg 1024w, https:\/\/basbarcelona.com\/wp-content\/uploads\/2021\/05\/Xe\u0300nia-Bas-IMG_4878-300x200.jpeg 300w, https:\/\/basbarcelona.com\/wp-content\/uploads\/2021\/05\/Xe\u0300nia-Bas-IMG_4878-768x512.jpeg 768w, https:\/\/basbarcelona.com\/wp-content\/uploads\/2021\/05\/Xe\u0300nia-Bas-IMG_4878-1536x1024.jpeg 1536w, https:\/\/basbarcelona.com\/wp-content\/uploads\/2021\/05\/Xe\u0300nia-Bas-IMG_4878-2048x1365.jpeg 2048w, https:\/\/basbarcelona.com\/wp-content\/uploads\/2021\/05\/Xe\u0300nia-Bas-IMG_4878-600x400.jpeg 600w\" sizes=\"(max-width: 800px) 100vw, 800px\" title=\"\">\t\t\t\t\t\t\t\t<\/a>\n\t\t\t\t\t\t\t\t\t\t\t\t\t\t\t<\/div>\n\t\t\t\t<\/div>\n\t\t\t\t\t<\/div>\n\t\t\t\t<\/div>\n\t\t\t\t<\/div>\n\t\t","protected":false},"excerpt":{"rendered":"<p>\u00bfTe apasiona la cer\u00e1mica o siempre has querido aprender? \u00danete a nuestro curso en Barcelona, donde X\u00e8nia Bas, una ceramista experimentada, te guiar\u00e1 en el fascinante mundo de la arcilla. Desde t\u00e9cnicas b\u00e1sicas hasta el uso del torno, hay algo para todos, sin importar tu nivel. Disfruta de un ambiente creativo y aprende a tu propio ritmo. Con horarios flexibles y un enfoque personalizado, \u00a1es el momento perfecto para dar rienda suelta a tu creatividad! Descubre c\u00f3mo puedes crear tus propias obras maestras y sum\u00e9rgete en esta apasionante disciplina. \u00a1Reserva tu plaza y comienza tu viaje art\u00edstico!<\/p>\n","protected":false},"author":1,"featured_media":11168,"parent":0,"menu_order":0,"comment_status":"closed","ping_status":"closed","template":"","meta":{"footnotes":""},"class_list":["post-11157","page","type-page","status-publish","has-post-thumbnail","hentry"],"_links":{"self":[{"href":"https:\/\/basbarcelona.com\/es\/wp-json\/wp\/v2\/pages\/11157","targetHints":{"allow":["GET"]}}],"collection":[{"href":"https:\/\/basbarcelona.com\/es\/wp-json\/wp\/v2\/pages"}],"about":[{"href":"https:\/\/basbarcelona.com\/es\/wp-json\/wp\/v2\/types\/page"}],"author":[{"embeddable":true,"href":"https:\/\/basbarcelona.com\/es\/wp-json\/wp\/v2\/users\/1"}],"replies":[{"embeddable":true,"href":"https:\/\/basbarcelona.com\/es\/wp-json\/wp\/v2\/comments?post=11157"}],"version-history":[{"count":3,"href":"https:\/\/basbarcelona.com\/es\/wp-json\/wp\/v2\/pages\/11157\/revisions"}],"predecessor-version":[{"id":13020,"href":"https:\/\/basbarcelona.com\/es\/wp-json\/wp\/v2\/pages\/11157\/revisions\/13020"}],"wp:featuredmedia":[{"embeddable":true,"href":"https:\/\/basbarcelona.com\/es\/wp-json\/wp\/v2\/media\/11168"}],"wp:attachment":[{"href":"https:\/\/basbarcelona.com\/es\/wp-json\/wp\/v2\/media?parent=11157"}],"curies":[{"name":"wp","href":"https:\/\/api.w.org\/{rel}","templated":true}]}}