{"id":10661,"date":"2024-12-14T17:22:29","date_gmt":"2024-12-14T16:22:29","guid":{"rendered":"https:\/\/basbarcelona.com\/?post_type=product&#038;p=10661"},"modified":"2026-03-17T11:40:51","modified_gmt":"2026-03-17T10:40:51","slug":"tarjeta-regalo-curso-de-ceramica","status":"publish","type":"product","link":"https:\/\/basbarcelona.com\/en\/product\/tarjeta-regalo-curso-de-ceramica\/","title":{"rendered":"Gift Card for Ceramics Course"},"content":{"rendered":"<div data-elementor-type=\"product-post\" data-elementor-id=\"10661\" class=\"elementor elementor-10661\" data-elementor-post-type=\"product\">\n\t\t\t\t<div class=\"elementor-element elementor-element-b6c4dda e-con-full e-flex e-con e-parent\" data-id=\"b6c4dda\" data-element_type=\"container\" data-e-type=\"container\">\n\t\t<div class=\"elementor-element elementor-element-35a356d e-con-full e-flex e-con e-child\" data-id=\"35a356d\" data-element_type=\"container\" data-e-type=\"container\">\n\t\t\t\t<div class=\"elementor-element elementor-element-221f4cc yes elementor-widget elementor-widget-woocommerce-product-images\" data-id=\"221f4cc\" data-element_type=\"widget\" data-e-type=\"widget\" data-widget_type=\"woocommerce-product-images.default\">\n\t\t\t\t\t<div class=\"woocommerce-product-gallery woocommerce-product-gallery--with-images woocommerce-product-gallery--columns-4 images\" data-columns=\"4\" style=\"opacity: 0; transition: opacity .25s ease-in-out;\">\n\t<div class=\"woocommerce-product-gallery__wrapper\">\n\t\t<div data-thumb=\"https:\/\/basbarcelona.com\/wp-content\/uploads\/2024\/11\/Tarjeta-Regalo-Ceramica-100x100.jpg\" data-thumb-alt=\"Tarjeta Regalo Curso de Cer\u00e1mica\" data-thumb-srcset=\"https:\/\/basbarcelona.com\/wp-content\/uploads\/2024\/11\/Tarjeta-Regalo-Ceramica-100x100.jpg 100w, https:\/\/basbarcelona.com\/wp-content\/uploads\/2024\/11\/Tarjeta-Regalo-Ceramica-300x300.jpg 300w, https:\/\/basbarcelona.com\/wp-content\/uploads\/2024\/11\/Tarjeta-Regalo-Ceramica-150x150.jpg 150w, https:\/\/basbarcelona.com\/wp-content\/uploads\/2024\/11\/Tarjeta-Regalo-Ceramica-768x768.jpg 768w, https:\/\/basbarcelona.com\/wp-content\/uploads\/2024\/11\/Tarjeta-Regalo-Ceramica-12x12.jpg 12w, https:\/\/basbarcelona.com\/wp-content\/uploads\/2024\/11\/Tarjeta-Regalo-Ceramica-500x500.jpg 500w, https:\/\/basbarcelona.com\/wp-content\/uploads\/2024\/11\/Tarjeta-Regalo-Ceramica-600x600.jpg 600w, https:\/\/basbarcelona.com\/wp-content\/uploads\/2024\/11\/Tarjeta-Regalo-Ceramica.jpg 1000w\"  data-thumb-sizes=\"(max-width: 100px) 100vw, 100px\" class=\"woocommerce-product-gallery__image\"><a href=\"https:\/\/basbarcelona.com\/wp-content\/uploads\/2024\/11\/Tarjeta-Regalo-Ceramica.jpg\"><img fetchpriority=\"high\" decoding=\"async\" width=\"600\" height=\"600\" src=\"https:\/\/basbarcelona.com\/wp-content\/uploads\/2024\/11\/Tarjeta-Regalo-Ceramica-600x600.jpg\" class=\"wp-post-image\" alt=\"Gift Card for Ceramics Course\" data-caption=\"\" data-src=\"https:\/\/basbarcelona.com\/wp-content\/uploads\/2024\/11\/Tarjeta-Regalo-Ceramica.jpg\" data-large_image=\"https:\/\/basbarcelona.com\/wp-content\/uploads\/2024\/11\/Tarjeta-Regalo-Ceramica.jpg\" data-large_image_width=\"1000\" data-large_image_height=\"1000\" srcset=\"https:\/\/basbarcelona.com\/wp-content\/uploads\/2024\/11\/Tarjeta-Regalo-Ceramica-600x600.jpg 600w, https:\/\/basbarcelona.com\/wp-content\/uploads\/2024\/11\/Tarjeta-Regalo-Ceramica-300x300.jpg 300w, https:\/\/basbarcelona.com\/wp-content\/uploads\/2024\/11\/Tarjeta-Regalo-Ceramica-150x150.jpg 150w, https:\/\/basbarcelona.com\/wp-content\/uploads\/2024\/11\/Tarjeta-Regalo-Ceramica-768x768.jpg 768w, https:\/\/basbarcelona.com\/wp-content\/uploads\/2024\/11\/Tarjeta-Regalo-Ceramica-12x12.jpg 12w, https:\/\/basbarcelona.com\/wp-content\/uploads\/2024\/11\/Tarjeta-Regalo-Ceramica-500x500.jpg 500w, https:\/\/basbarcelona.com\/wp-content\/uploads\/2024\/11\/Tarjeta-Regalo-Ceramica-100x100.jpg 100w, https:\/\/basbarcelona.com\/wp-content\/uploads\/2024\/11\/Tarjeta-Regalo-Ceramica.jpg 1000w\" sizes=\"(max-width: 600px) 100vw, 600px\" title=\"\"><\/a><\/div>\t<\/div>\n<\/div>\n\t\t\t\t<\/div>\n\t\t\t\t<\/div>\n\t\t<div class=\"elementor-element elementor-element-4c9a997 e-con-full e-flex e-con e-child\" data-id=\"4c9a997\" data-element_type=\"container\" data-e-type=\"container\">\n\t\t\t\t<div class=\"elementor-element elementor-element-199da93 elementor-widget elementor-widget-woocommerce-product-title elementor-page-title elementor-widget-heading\" data-id=\"199da93\" data-element_type=\"widget\" data-e-type=\"widget\" data-widget_type=\"woocommerce-product-title.default\">\n\t\t\t\t\t<h1 class=\"product_title entry-title elementor-heading-title elementor-size-default\">Gift Card for Ceramics Course<\/h1>\t\t\t\t<\/div>\n\t\t\t\t<div class=\"elementor-element elementor-element-df834eb elementor-widget elementor-widget-woocommerce-product-short-description\" data-id=\"df834eb\" data-element_type=\"widget\" data-e-type=\"widget\" data-widget_type=\"woocommerce-product-short-description.default\">\n\t\t\t\t\t<div class=\"woocommerce-product-details__short-description\">\n\t<p>Sorprende a esa persona especial con un regalo \u00fanico: una Tarjeta de Regalo para un curso de cer\u00e1mica. Este regalo no solo ofrece 4 clases de 2 horas cada una, sino que tambi\u00e9n brinda la oportunidad de despertar su lado art\u00edstico en un ambiente creativo. Al finalizar la compra, recibir\u00e1s una tarjeta en PDF lista para entregar, con todos los detalles necesarios para organizar las clases. \u00a1Convierte tu regalo en una experiencia inolvidable que quedar\u00e1 grabada en su memoria! Perfecto para cualquier celebraci\u00f3n, este detalle significativo har\u00e1 que tu obsequio sea verdaderamente especial.<\/p>\n<\/div>\n\t\t\t\t<\/div>\n\t\t\t\t<div class=\"elementor-element elementor-element-2a05e2f elementor-widget elementor-widget-woocommerce-product-price\" data-id=\"2a05e2f\" data-element_type=\"widget\" data-e-type=\"widget\" data-widget_type=\"woocommerce-product-price.default\">\n\t\t\t\t\t<p class=\"price\"><span class=\"woocommerce-Price-amount amount\"><bdi><span class=\"woocommerce-Price-currencySymbol\">&euro;<\/span>110.00<\/bdi><\/span><\/p>\n\t\t\t\t<\/div>\n\t\t\t\t<div class=\"elementor-element elementor-element-ace25f8 e-add-to-cart--show-quantity-yes elementor-widget elementor-widget-woocommerce-product-add-to-cart\" data-id=\"ace25f8\" data-element_type=\"widget\" data-e-type=\"widget\" data-widget_type=\"woocommerce-product-add-to-cart.default\">\n\t\t\t\t\t\n\t\t<div class=\"elementor-add-to-cart elementor-product-simple\">\n\t\t\t\n\t\n\t<form class=\"cart\" action=\"https:\/\/basbarcelona.com\/en\/product\/tarjeta-regalo-curso-de-ceramica\/\" method=\"post\" enctype='multipart\/form-data' data-trp-original-action=\"https:\/\/basbarcelona.com\/en\/product\/tarjeta-regalo-curso-de-ceramica\/\">\n\t\t\n\t\t<div class=\"quantity\">\n\t\t<label class=\"screen-reader-text\" for=\"quantity_69d78ec3c548d\" data-no-translation=\"\" data-trp-gettext=\"\">Tarjeta Regalo Curso de Cer\u00e1mica quantity<\/label>\n\t<input\n\t\ttype=\"number\"\n\t\t\t\tid=\"quantity_69d78ec3c548d\"\n\t\tclass=\"input-text qty text\"\n\t\tname=\"quantity\"\n\t\tvalue=\"1\"\n\t\taria-label=\"Product quantity\"\n\t\t\t\tmin=\"1\"\n\t\t\t\t\t\t\tstep=\"1\"\n\t\t\tplaceholder=\"\"\n\t\t\tinputmode=\"numeric\"\n\t\t\tautocomplete=\"off\" data-no-translation-aria-label=\"\"\n\t\t\t\/>\n\t<\/div>\n\n\t\t<button type=\"submit\" name=\"add-to-cart\" value=\"10661\" class=\"single_add_to_cart_button button alt\" data-no-translation=\"\" data-trp-gettext=\"\">Add to cart<\/button>\n\n\t\t\t<input type=\"hidden\" name=\"trp-form-language\" value=\"en\"\/><\/form>\n\n\t<div id=\"paypal-standard-container\"><\/div>\n\t\t<\/div>\n\n\t\t\t\t\t\t<\/div>\n\t\t\t\t<\/div>\n\t\t\t\t<\/div>\n\t\t\t\t<\/div>","protected":false},"excerpt":{"rendered":"<p>Sorprende a esa persona especial con un regalo \u00fanico: una Tarjeta de Regalo para un curso de cer\u00e1mica. Este regalo no solo ofrece 4 clases de 2 horas cada una, sino que tambi\u00e9n brinda la oportunidad de despertar su lado art\u00edstico en un ambiente creativo. Al finalizar la compra, recibir\u00e1s una tarjeta en PDF lista para entregar, con todos los detalles necesarios para organizar las clases. \u00a1Convierte tu regalo en una experiencia inolvidable que quedar\u00e1 grabada en su memoria! Perfecto para cualquier celebraci\u00f3n, este detalle significativo har\u00e1 que tu obsequio sea verdaderamente especial.<\/p>","protected":false},"featured_media":10664,"comment_status":"closed","ping_status":"closed","template":"","meta":[],"product_brand":[],"product_cat":[28],"product_tag":[],"class_list":{"0":"post-10661","1":"product","2":"type-product","3":"status-publish","4":"has-post-thumbnail","6":"product_cat-cursos","8":"first","9":"instock","10":"downloadable","11":"virtual","12":"taxable","13":"purchasable","14":"product-type-simple"},"_links":{"self":[{"href":"https:\/\/basbarcelona.com\/en\/wp-json\/wp\/v2\/product\/10661","targetHints":{"allow":["GET"]}}],"collection":[{"href":"https:\/\/basbarcelona.com\/en\/wp-json\/wp\/v2\/product"}],"about":[{"href":"https:\/\/basbarcelona.com\/en\/wp-json\/wp\/v2\/types\/product"}],"replies":[{"embeddable":true,"href":"https:\/\/basbarcelona.com\/en\/wp-json\/wp\/v2\/comments?post=10661"}],"version-history":[{"count":5,"href":"https:\/\/basbarcelona.com\/en\/wp-json\/wp\/v2\/product\/10661\/revisions"}],"predecessor-version":[{"id":13063,"href":"https:\/\/basbarcelona.com\/en\/wp-json\/wp\/v2\/product\/10661\/revisions\/13063"}],"wp:featuredmedia":[{"embeddable":true,"href":"https:\/\/basbarcelona.com\/en\/wp-json\/wp\/v2\/media\/10664"}],"wp:attachment":[{"href":"https:\/\/basbarcelona.com\/en\/wp-json\/wp\/v2\/media?parent=10661"}],"wp:term":[{"taxonomy":"product_brand","embeddable":true,"href":"https:\/\/basbarcelona.com\/en\/wp-json\/wp\/v2\/product_brand?post=10661"},{"taxonomy":"product_cat","embeddable":true,"href":"https:\/\/basbarcelona.com\/en\/wp-json\/wp\/v2\/product_cat?post=10661"},{"taxonomy":"product_tag","embeddable":true,"href":"https:\/\/basbarcelona.com\/en\/wp-json\/wp\/v2\/product_tag?post=10661"}],"curies":[{"name":"wp","href":"https:\/\/api.w.org\/{rel}","templated":true}]}}