{"id":8810,"date":"2025-11-23T19:02:00","date_gmt":"2025-11-23T18:02:00","guid":{"rendered":"https:\/\/basbarcelona.com\/?page_id=8810"},"modified":"2026-03-18T12:09:29","modified_gmt":"2026-03-18T11:09:29","slug":"curso-moldes-ceramica-barcelona","status":"publish","type":"page","link":"https:\/\/basbarcelona.com\/en\/curso-moldes-ceramica-barcelona\/","title":{"rendered":"Curso de Moldes de Yeso para Cer\u00e1mica en Barcelona"},"content":{"rendered":"\t\t<div data-elementor-type=\"wp-page\" data-elementor-id=\"8810\" class=\"elementor elementor-8810\" data-elementor-post-type=\"page\">\n\t\t\t\t<div class=\"elementor-element elementor-element-ebe370c e-grid e-con-boxed e-con e-parent\" data-id=\"ebe370c\" data-element_type=\"container\" data-e-type=\"container\">\n\t\t\t\t\t<div class=\"e-con-inner\">\n\t\t<div class=\"elementor-element elementor-element-0ed9ac0 e-flex e-con-boxed e-con e-child\" data-id=\"0ed9ac0\" data-element_type=\"container\" data-e-type=\"container\">\n\t\t\t\t\t<div class=\"e-con-inner\">\n\t\t\t\t<div class=\"elementor-element elementor-element-c35a3df elementor-widget elementor-widget-heading\" data-id=\"c35a3df\" data-element_type=\"widget\" data-e-type=\"widget\" data-widget_type=\"heading.default\">\n\t\t\t\t\t<h1 class=\"elementor-heading-title elementor-size-default\">Curso de Moldes de yeso  para cer\u00e1mica en Barcelona 2026<\/h1>\t\t\t\t<\/div>\n\t\t\t\t<div class=\"elementor-element elementor-element-b789621 elementor-widget elementor-widget-text-editor\" data-id=\"b789621\" data-element_type=\"widget\" data-e-type=\"widget\" data-widget_type=\"text-editor.default\">\n\t\t\t\t\t\t\t\t\t<div class=\"vc_col-sm-6 wpb_column column_container col custom-padding color-dark\" data-animation=\"\" data-delay=\"\"><div class=\"wpb_wrapper\"><p>En este taller intensivo de fin de semana aprender\u00e1s a crear moldes de yeso una herramienta fundamental para quienes desean reproducir piezas cer\u00e1micas de manera precisa y en peque\u00f1as series.<\/p><p>Trabajaremos desde cero: desde el an\u00e1lisis del objeto original hasta la realizaci\u00f3n del molde y la colada en barro l\u00edquido (barbotina).<\/p><h4><strong>\u00bfQu\u00e9 har\u00e1s en este taller?<\/strong><\/h4><p>Entender\u00e1s c\u00f3mo analizar una pieza para transformarla en un molde viable.<br \/>Aprender\u00e1s a calcular la cantidad de escayola necesaria.<br \/>Realizar\u00e1s el encofrado y el vertido de la escayola.<br \/>Descubrir\u00e1s c\u00f3mo preparar la barbotina para colada.<br \/>Har\u00e1s una colada con un molde de demostraci\u00f3n.<\/p><p>Para sacar provecho del curso es importante que decidamos con antelaci\u00f3n la pieza de la que sacar\u00e1s el molde. Lo ideal es que sea de m\u00e1ximo 15x15x15cm de volumen, m\u00e1s o menos (el tama\u00f1o tambi\u00e9n es muy importante para que podamos tener tiempo de terminar el molde) y de una forma m\u00e1s o menos sim\u00e9trica para que podamos hacer un molde de dos taceles. (dos partes)<\/p><p>No hace falta que traig\u00e1is nada, solo os recomiendo una libreta para tomar notas.<\/p><\/div><div class=\"wpb_wrapper\"><div class=\"wpb_text_column wpb_content_element \"><div class=\"wpb_wrapper\"><div class=\"descripcion\"><h3><strong>Pr\u00f3ximos fines de semana programados:<\/strong><\/h3><p><strong>S\u00e1bado 7 y Domingo 8 de Febrero de 10h a 14h. <\/strong><del><span style=\"color: #ff6600;\"><strong>Completo<\/strong><\/span><\/del><\/p><p><strong>S\u00e1bado 23 y Domingo 24 de Mayo de 10h a 14h. <\/strong><span style=\"color: #ff6600;\"><strong>Completo<\/strong><\/span><\/p><p><strong>S\u00e1bado 30 y Domingo 31 de Mayo de 10h a 14h <span style=\"color: #339966;\">Quedan 3 plazas<\/span><\/strong><\/p><p><strong>Precio fin de semana:<\/strong> 225 \u20ac<\/p><p>El precio incluye todo el material y \u00a0herramientas necesarias.<\/p><p><strong>Docente:<\/strong>\u00a0 X\u00e8nia Bas<\/p><\/div><\/div><\/div><\/div><\/div>\t\t\t\t\t\t\t\t<\/div>\n\t\t\t\t\t<\/div>\n\t\t\t\t<\/div>\n\t\t<div class=\"elementor-element elementor-element-3dffa33 e-con-full e-flex e-con e-child\" data-id=\"3dffa33\" data-element_type=\"container\" data-e-type=\"container\">\n\t\t\t\t<div class=\"elementor-element elementor-element-ffc9486 elementor-widget elementor-widget-image\" data-id=\"ffc9486\" data-element_type=\"widget\" data-e-type=\"widget\" data-widget_type=\"image.default\">\n\t\t\t\t\t\t\t\t\t\t\t\t\t\t\t<img fetchpriority=\"high\" decoding=\"async\" width=\"800\" height=\"587\" src=\"https:\/\/basbarcelona.com\/wp-content\/uploads\/2025\/11\/Curso-moldes-yeso-ceramica-barcelona-1024x751.jpg\" class=\"attachment-large size-large wp-image-11434\" alt=\"Curso-moldes-yeso-ceramica-barcelona\" srcset=\"https:\/\/basbarcelona.com\/wp-content\/uploads\/2025\/11\/Curso-moldes-yeso-ceramica-barcelona-1024x751.jpg 1024w, https:\/\/basbarcelona.com\/wp-content\/uploads\/2025\/11\/Curso-moldes-yeso-ceramica-barcelona-300x220.jpg 300w, https:\/\/basbarcelona.com\/wp-content\/uploads\/2025\/11\/Curso-moldes-yeso-ceramica-barcelona-768x563.jpg 768w, https:\/\/basbarcelona.com\/wp-content\/uploads\/2025\/11\/Curso-moldes-yeso-ceramica-barcelona-16x12.jpg 16w, https:\/\/basbarcelona.com\/wp-content\/uploads\/2025\/11\/Curso-moldes-yeso-ceramica-barcelona-600x440.jpg 600w, https:\/\/basbarcelona.com\/wp-content\/uploads\/2025\/11\/Curso-moldes-yeso-ceramica-barcelona.jpg 1200w\" sizes=\"(max-width: 800px) 100vw, 800px\" title=\"\">\t\t\t\t\t\t\t\t\t\t\t\t\t\t\t<\/div>\n\t\t\t\t<div class=\"elementor-element elementor-element-1cee4fb elementor-widget elementor-widget-heading\" data-id=\"1cee4fb\" data-element_type=\"widget\" data-e-type=\"widget\" data-widget_type=\"heading.default\">\n\t\t\t\t\t<h2 class=\"elementor-heading-title elementor-size-default\">Si quieres inscribirte ya ponte en contacto conmigo<\/h2>\t\t\t\t<\/div>\n\t\t\t\t<div class=\"elementor-element elementor-element-000bbe4 elementor-button-align-stretch elementor-widget elementor-widget-form\" data-id=\"000bbe4\" data-element_type=\"widget\" data-e-type=\"widget\" data-settings=\"{&quot;step_next_label&quot;:&quot;Next&quot;,&quot;step_previous_label&quot;:&quot;Previous&quot;,&quot;button_width&quot;:&quot;100&quot;,&quot;step_type&quot;:&quot;number_text&quot;,&quot;step_icon_shape&quot;:&quot;circle&quot;}\" data-widget_type=\"form.default\">\n\t\t\t\t\t\t\t<form class=\"elementor-form\" method=\"post\" name=\"Cursos\" aria-label=\"Cursos\">\n\t\t\t<input type=\"hidden\" name=\"post_id\" value=\"8810\"\/>\n\t\t\t<input type=\"hidden\" name=\"form_id\" value=\"000bbe4\"\/>\n\t\t\t<input type=\"hidden\" name=\"referer_title\" value=\"Curso De Moldes De Yeso Para Cer\u00e1mica En Barcelona - Bas\" \/>\n\n\t\t\t\t\t\t\t<input type=\"hidden\" name=\"queried_id\" value=\"8810\"\/>\n\t\t\t\n\t\t\t<div class=\"elementor-form-fields-wrapper elementor-labels-above\">\n\t\t\t\t\t\t\t\t<div class=\"elementor-field-type-text elementor-field-group elementor-column elementor-field-group-name elementor-col-100\">\n\t\t\t\t\t\t\t\t\t\t\t\t\t<input size=\"1\" type=\"text\" name=\"form_fields[name]\" id=\"form-field-name\" class=\"elementor-field elementor-size-sm  elementor-field-textual\" placeholder=\"Nombre\">\n\t\t\t\t\t\t\t\t\t\t\t<\/div>\n\t\t\t\t\t\t\t\t<div class=\"elementor-field-type-email elementor-field-group elementor-column elementor-field-group-email elementor-col-100 elementor-field-required\">\n\t\t\t\t\t\t\t\t\t\t\t\t\t<input size=\"1\" type=\"email\" name=\"form_fields[email]\" id=\"form-field-email\" class=\"elementor-field elementor-size-sm  elementor-field-textual\" placeholder=\"Email\" required=\"required\">\n\t\t\t\t\t\t\t\t\t\t\t<\/div>\n\t\t\t\t\t\t\t\t<div class=\"elementor-field-type-text elementor-field-group elementor-column elementor-field-group-field_e1f93a1 elementor-col-100\">\n\t\t\t\t\t\t\t\t\t\t\t\t\t<input size=\"1\" type=\"text\" name=\"form_fields[field_e1f93a1]\" id=\"form-field-field_e1f93a1\" class=\"elementor-field elementor-size-sm  elementor-field-textual\" placeholder=\"Asunto\">\n\t\t\t\t\t\t\t\t\t\t\t<\/div>\n\t\t\t\t\t\t\t\t<div class=\"elementor-field-type-textarea elementor-field-group elementor-column elementor-field-group-message elementor-col-100\">\n\t\t\t\t\t<textarea class=\"elementor-field-textual elementor-field  elementor-size-sm\" name=\"form_fields[message]\" id=\"form-field-message\" rows=\"4\" placeholder=\"Mensaje\"><\/textarea>\t\t\t\t<\/div>\n\t\t\t\t\t\t\t\t<div class=\"elementor-field-group elementor-column elementor-field-type-submit elementor-col-100 e-form__buttons\">\n\t\t\t\t\t<button class=\"elementor-button elementor-size-sm\" type=\"submit\">\n\t\t\t\t\t\t<span class=\"elementor-button-content-wrapper\">\n\t\t\t\t\t\t\t\t\t\t\t\t\t\t\t\t\t\t\t\t\t\t<span class=\"elementor-button-text\">Enviar<\/span>\n\t\t\t\t\t\t\t\t\t\t\t\t\t<\/span>\n\t\t\t\t\t<\/button>\n\t\t\t\t<\/div>\n\t\t\t<\/div>\n\t\t<\/form>\n\t\t\t\t\t\t<\/div>\n\t\t\t\t<\/div>\n\t\t\t\t\t<\/div>\n\t\t\t\t<\/div>\n\t\t<div class=\"elementor-element elementor-element-15d186b e-flex e-con-boxed e-con e-parent\" data-id=\"15d186b\" data-element_type=\"container\" data-e-type=\"container\" data-settings=\"{&quot;background_background&quot;:&quot;classic&quot;}\">\n\t\t\t\t\t<div class=\"e-con-inner\">\n\t\t<div class=\"elementor-element elementor-element-b8070fb e-flex e-con-boxed e-con e-child\" data-id=\"b8070fb\" data-element_type=\"container\" data-e-type=\"container\">\n\t\t\t\t\t<div class=\"e-con-inner\">\n\t\t\t\t<div class=\"elementor-element elementor-element-c09f8b7 elementor-cta--mobile-layout-image-above elementor-cta--skin-classic elementor-animated-content elementor-widget elementor-widget-call-to-action\" data-id=\"c09f8b7\" data-element_type=\"widget\" data-e-type=\"widget\" data-widget_type=\"call-to-action.default\">\n\t\t\t\t\t\t\t<a class=\"elementor-cta\" href=\"https:\/\/basbarcelona.com\/es\/cursos-de-ceramica\/\">\n\t\t\t\t\t\t\t<div class=\"elementor-cta__content\">\n\t\t\t\t\n\t\t\t\t\t\t\t\t\t<h2 class=\"elementor-cta__title elementor-cta__content-item elementor-content-item\">\n\t\t\t\t\t\tDescubre Nuestros Cursos de Cer\u00e1mica\t\t\t\t\t<\/h2>\n\t\t\t\t\n\t\t\t\t\t\t\t\t\t<div class=\"elementor-cta__description elementor-cta__content-item elementor-content-item\">\n\t\t\t\t\t\tExplora nuestros cursos pr\u00e1cticos de cer\u00e1mica, dise\u00f1ados para todos los niveles. Aprende t\u00e9cnicas profesionales y crea tus propias obras maestras.\t\t\t\t\t<\/div>\n\t\t\t\t\n\t\t\t\t\t\t\t\t\t<div class=\"elementor-cta__button-wrapper elementor-cta__content-item elementor-content-item \">\n\t\t\t\t\t<span class=\"elementor-cta__button elementor-button elementor-size-md\">\n\t\t\t\t\t\tVer Cursos\t\t\t\t\t<\/span>\n\t\t\t\t\t<\/div>\n\t\t\t\t\t\t\t<\/div>\n\t\t\t\t\t\t<\/a>\n\t\t\t\t\t\t<\/div>\n\t\t\t\t\t<\/div>\n\t\t\t\t<\/div>\n\t\t<div class=\"elementor-element elementor-element-ad680a0 e-con-full e-flex e-con e-child\" data-id=\"ad680a0\" data-element_type=\"container\" data-e-type=\"container\">\n\t\t\t\t<div class=\"elementor-element elementor-element-d73f19b elementor-widget elementor-widget-image\" data-id=\"d73f19b\" data-element_type=\"widget\" data-e-type=\"widget\" data-widget_type=\"image.default\">\n\t\t\t\t\t\t\t\t\t\t\t\t\t\t\t\t<a href=\"https:\/\/basbarcelona.com\/es\/cursos-de-ceramica\/\">\n\t\t\t\t\t\t\t<img decoding=\"async\" width=\"800\" height=\"480\" src=\"https:\/\/basbarcelona.com\/wp-content\/uploads\/2023\/03\/Curso-de-ceramica-bas.jpg\" class=\"attachment-large size-large wp-image-9090\" alt=\"curso de ceramica bas\" srcset=\"https:\/\/basbarcelona.com\/wp-content\/uploads\/2023\/03\/Curso-de-ceramica-bas.jpg 900w, https:\/\/basbarcelona.com\/wp-content\/uploads\/2023\/03\/Curso-de-ceramica-bas-300x180.jpg 300w, https:\/\/basbarcelona.com\/wp-content\/uploads\/2023\/03\/Curso-de-ceramica-bas-768x461.jpg 768w, https:\/\/basbarcelona.com\/wp-content\/uploads\/2023\/03\/Curso-de-ceramica-bas-600x360.jpg 600w\" sizes=\"(max-width: 800px) 100vw, 800px\" title=\"\">\t\t\t\t\t\t\t\t<\/a>\n\t\t\t\t\t\t\t\t\t\t\t\t\t\t\t<\/div>\n\t\t\t\t<div class=\"elementor-element elementor-element-2d3c5b4 elementor-widget elementor-widget-image\" data-id=\"2d3c5b4\" data-element_type=\"widget\" data-e-type=\"widget\" data-widget_type=\"image.default\">\n\t\t\t\t\t\t\t\t\t\t\t\t\t\t\t\t<a href=\"https:\/\/basbarcelona.com\/es\/cursos-de-ceramica\/\">\n\t\t\t\t\t\t\t<img decoding=\"async\" width=\"800\" height=\"576\" src=\"https:\/\/basbarcelona.com\/wp-content\/uploads\/2024\/12\/TARJETA-REGALO-CURSO-DE-CERAMICA-1024x737.jpg\" class=\"attachment-large size-large wp-image-10696\" alt=\"\" srcset=\"https:\/\/basbarcelona.com\/wp-content\/uploads\/2024\/12\/TARJETA-REGALO-CURSO-DE-CERAMICA.jpg 1024w, https:\/\/basbarcelona.com\/wp-content\/uploads\/2024\/12\/TARJETA-REGALO-CURSO-DE-CERAMICA-300x216.jpg 300w, https:\/\/basbarcelona.com\/wp-content\/uploads\/2024\/12\/TARJETA-REGALO-CURSO-DE-CERAMICA-768x552.jpg 768w, https:\/\/basbarcelona.com\/wp-content\/uploads\/2024\/12\/TARJETA-REGALO-CURSO-DE-CERAMICA-18x12.jpg 18w, https:\/\/basbarcelona.com\/wp-content\/uploads\/2024\/12\/TARJETA-REGALO-CURSO-DE-CERAMICA-600x432.jpg 600w\" sizes=\"(max-width: 800px) 100vw, 800px\" title=\"\">\t\t\t\t\t\t\t\t<\/a>\n\t\t\t\t\t\t\t\t\t\t\t\t\t\t\t<\/div>\n\t\t\t\t<\/div>\n\t\t<div class=\"elementor-element elementor-element-9e06d09 e-con-full e-flex e-con e-child\" data-id=\"9e06d09\" data-element_type=\"container\" data-e-type=\"container\">\n\t\t\t\t<div class=\"elementor-element elementor-element-0b9a110 elementor-widget elementor-widget-image\" data-id=\"0b9a110\" data-element_type=\"widget\" data-e-type=\"widget\" data-widget_type=\"image.default\">\n\t\t\t\t\t\t\t\t\t\t\t\t\t\t\t\t<a href=\"https:\/\/basbarcelona.com\/es\/cursos-de-ceramica\/\">\n\t\t\t\t\t\t\t<img loading=\"lazy\" decoding=\"async\" width=\"800\" height=\"576\" src=\"https:\/\/basbarcelona.com\/wp-content\/uploads\/2024\/12\/Tarjeta-regalo-curso-torno-1024x737.jpg\" class=\"attachment-large size-large wp-image-10755\" alt=\"tarjeta regalo curso torno de ceramica\" srcset=\"https:\/\/basbarcelona.com\/wp-content\/uploads\/2024\/12\/Tarjeta-regalo-curso-torno.jpg 1024w, https:\/\/basbarcelona.com\/wp-content\/uploads\/2024\/12\/Tarjeta-regalo-curso-torno-300x216.jpg 300w, https:\/\/basbarcelona.com\/wp-content\/uploads\/2024\/12\/Tarjeta-regalo-curso-torno-768x552.jpg 768w, https:\/\/basbarcelona.com\/wp-content\/uploads\/2024\/12\/Tarjeta-regalo-curso-torno-18x12.jpg 18w, https:\/\/basbarcelona.com\/wp-content\/uploads\/2024\/12\/Tarjeta-regalo-curso-torno-600x432.jpg 600w\" sizes=\"(max-width: 800px) 100vw, 800px\" title=\"\">\t\t\t\t\t\t\t\t<\/a>\n\t\t\t\t\t\t\t\t\t\t\t\t\t\t\t<\/div>\n\t\t\t\t<div class=\"elementor-element elementor-element-39c96aa elementor-widget elementor-widget-image\" data-id=\"39c96aa\" data-element_type=\"widget\" data-e-type=\"widget\" data-widget_type=\"image.default\">\n\t\t\t\t\t\t\t\t\t\t\t\t\t\t\t\t<a href=\"https:\/\/basbarcelona.com\/es\/cursos-de-ceramica\/\">\n\t\t\t\t\t\t\t<img loading=\"lazy\" decoding=\"async\" width=\"800\" height=\"534\" src=\"https:\/\/basbarcelona.com\/wp-content\/uploads\/2021\/05\/Xe\u0300nia-Bas-IMG_4878-1024x683.jpeg\" class=\"attachment-large size-large wp-image-4132\" alt=\"Curso de Moldes\" srcset=\"https:\/\/basbarcelona.com\/wp-content\/uploads\/2021\/05\/Xe\u0300nia-Bas-IMG_4878.jpeg 1024w, https:\/\/basbarcelona.com\/wp-content\/uploads\/2021\/05\/Xe\u0300nia-Bas-IMG_4878-300x200.jpeg 300w, https:\/\/basbarcelona.com\/wp-content\/uploads\/2021\/05\/Xe\u0300nia-Bas-IMG_4878-768x512.jpeg 768w, https:\/\/basbarcelona.com\/wp-content\/uploads\/2021\/05\/Xe\u0300nia-Bas-IMG_4878-1536x1024.jpeg 1536w, https:\/\/basbarcelona.com\/wp-content\/uploads\/2021\/05\/Xe\u0300nia-Bas-IMG_4878-2048x1365.jpeg 2048w, https:\/\/basbarcelona.com\/wp-content\/uploads\/2021\/05\/Xe\u0300nia-Bas-IMG_4878-600x400.jpeg 600w\" sizes=\"(max-width: 800px) 100vw, 800px\" title=\"\">\t\t\t\t\t\t\t\t<\/a>\n\t\t\t\t\t\t\t\t\t\t\t\t\t\t\t<\/div>\n\t\t\t\t<\/div>\n\t\t\t\t\t<\/div>\n\t\t\t\t<\/div>\n\t\t\t\t<\/div>\n\t\t","protected":false},"excerpt":{"rendered":"<p>Curso de Moldes de yeso para cer\u00e1mica en Barcelona 2026 En este taller intensivo de fin de semana aprender\u00e1s a crear moldes de yeso una herramienta fundamental para quienes desean reproducir piezas cer\u00e1micas de manera precisa y en peque\u00f1as series. Trabajaremos desde cero: desde el an\u00e1lisis del objeto original hasta la realizaci\u00f3n del molde y [&hellip;]<\/p>\n","protected":false},"author":1,"featured_media":11434,"parent":0,"menu_order":0,"comment_status":"closed","ping_status":"closed","template":"","meta":{"footnotes":""},"class_list":["post-8810","page","type-page","status-publish","has-post-thumbnail","hentry"],"_links":{"self":[{"href":"https:\/\/basbarcelona.com\/en\/wp-json\/wp\/v2\/pages\/8810","targetHints":{"allow":["GET"]}}],"collection":[{"href":"https:\/\/basbarcelona.com\/en\/wp-json\/wp\/v2\/pages"}],"about":[{"href":"https:\/\/basbarcelona.com\/en\/wp-json\/wp\/v2\/types\/page"}],"author":[{"embeddable":true,"href":"https:\/\/basbarcelona.com\/en\/wp-json\/wp\/v2\/users\/1"}],"replies":[{"embeddable":true,"href":"https:\/\/basbarcelona.com\/en\/wp-json\/wp\/v2\/comments?post=8810"}],"version-history":[{"count":9,"href":"https:\/\/basbarcelona.com\/en\/wp-json\/wp\/v2\/pages\/8810\/revisions"}],"predecessor-version":[{"id":13070,"href":"https:\/\/basbarcelona.com\/en\/wp-json\/wp\/v2\/pages\/8810\/revisions\/13070"}],"wp:featuredmedia":[{"embeddable":true,"href":"https:\/\/basbarcelona.com\/en\/wp-json\/wp\/v2\/media\/11434"}],"wp:attachment":[{"href":"https:\/\/basbarcelona.com\/en\/wp-json\/wp\/v2\/media?parent=8810"}],"curies":[{"name":"wp","href":"https:\/\/api.w.org\/{rel}","templated":true}]}}